{"id":31750,"date":"2024-02-10T22:55:45","date_gmt":"2024-02-10T21:55:45","guid":{"rendered":"https:\/\/annefilsinger.com\/scatto-di-cani-o-passeggiata-fotografica-la-mia-offerta\/servizio-fotografico-per-cani\/"},"modified":"2025-11-18T21:09:13","modified_gmt":"2025-11-18T20:09:13","slug":"servizio-fotografico-per-cani","status":"publish","type":"page","link":"https:\/\/annefilsinger.com\/it\/scatto-di-cani-o-passeggiata-fotografica-la-mia-offerta\/servizio-fotografico-per-cani\/","title":{"rendered":"Servizio fotografico per cani"},"content":{"rendered":"<p>Il tuo cane \u00e8 qualcosa di molto speciale. Vuoi foto che mostrino il suo carattere, la sua unicit\u00e0. Vuoi immortalare il momento o magari documentare il suo sviluppo.<\/p>\n\n\n<p>Tu e il tuo cane siete una vera e propria squadra che affronta la vita insieme. Ecco perch\u00e9 vuoi finalmente delle foto di te e del tuo amico a quattro zampe che mostrino questo legame.<\/p>\n\n\n\n<p>Potrai quindi scegliere tra i seguenti pacchetti:<\/p>\n\n\n\n<h1 class=\"wp-block-heading\">Mini-Servizio <\/h1>\n\n\n\n<p class=\"has-text-align-center\">Non hai mai realizzato un servizio fotografico per cani e vorresti provare.<\/p>\n\n\n\n<div class=\"wp-block-columns has-light-gray-background-color has-background is-layout-flex wp-container-core-columns-is-layout-9d6595d7 wp-block-columns-is-layout-flex\">\n<div class=\"wp-block-column is-layout-flow wp-block-column-is-layout-flow\" style=\"flex-basis:50%\">\n<ul class=\"wp-block-list\">\n<li>Converszione preliminare per telefono o in videochiamata<\/li>\n\n\n\n<li>Circa 30-45 minuti di riprese<\/li>\n\n\n\n<li>Puoi scegliere 3 delle circa 20 foto che scatto al tuo cane da una galleria online.<\/li>\n<\/ul>\n<\/div>\n\n\n\n<div class=\"wp-block-column is-layout-flow wp-block-column-is-layout-flow\" style=\"flex-basis:50%\">\n<ul class=\"wp-block-list\">\n<li>3 foto riceverai ritoccata di alta qualit\u00e0<\/li>\n\n\n\n<li>Puoi scaricare tutte 3 immagini in un file digitale<\/li>\n\n\n\n<li>Luogo da concordare<\/li>\n<\/ul>\n<\/div>\n<\/div>\n\n\n\n<p class=\"has-black-color has-text-color has-link-color wp-elements-aabfee5bf58bb5b269dcd34f6637449e\">Prerequisiti: Nessuno! <br>Vedi anche <strong> <a href=\"https:\/\/annefilsinger.com\/it\/?page_id=31696\">Buono da sapere<\/a><br><\/strong><\/p>\n\n\n\n<p><strong>Prezzo: 99,- \u20ac<\/strong><\/p>\n\n\n\n<p>&nbsp;<\/p>\n\n\n\n<h1 class=\"wp-block-heading\">Il tuo cane, il tuo amico &#8211; Finalmente le foto di voi due<\/h1>\n\n\n\n<p class=\"has-text-align-center\">In questo pacchetto avrai foto autentiche di te e del tuo amico a quattro zampe.<\/p>\n\n\n\n<div class=\"wp-block-columns has-light-gray-background-color has-background is-layout-flex wp-container-core-columns-is-layout-9d6595d7 wp-block-columns-is-layout-flex\">\n<div class=\"wp-block-column is-layout-flow wp-block-column-is-layout-flow\" style=\"flex-basis:50%\">\n<ul class=\"wp-block-list\">\n<li>Converszione preliminare per telefono o in videochiamata<\/li>\n\n\n\n<li>Circa 90 minuti di riprese<\/li>\n\n\n\n<li>Tra le circa 30 foto che scatto al tuo cane da solo e a voi due, puoi scegliere 5 immagini da una galleria online.<\/li>\n<\/ul>\n<\/div>\n\n\n\n<div class=\"wp-block-column is-layout-flow wp-block-column-is-layout-flow\" style=\"flex-basis:50%\">\n<ul class=\"wp-block-list\">\n<li>Le 5 foto saranno ritoccate secondo uno standard elevato.<\/li>\n\n\n\n<li>Puoi scaricare tutte 5 immagini in un file digitale<\/li>\n\n\n\n<li>Luogo da concordare<\/li>\n<\/ul>\n<\/div>\n<\/div>\n\n\n\n<p class=\"has-black-color has-text-color has-link-color wp-elements-e21d0b40efad5b172c5d3cc4ed861067\"><a href=\"Voraussetzungen:%20Keine!%20Siehe%20auch%20Gut%20zu%20wissen\">Prerequisiti: Nessuno!  <\/a><br><a href=\"Voraussetzungen:%20Keine!%20Siehe%20auch%20Gut%20zu%20wissen\">Vedi anche <\/a><strong> <a href=\"https:\/\/annefilsinger.com\/it\/?page_id=31696\">Buono da sapere<\/a><br><\/strong><\/p>\n\n\n\n<p><strong>Prezzo: 169,- \u20ac<\/strong><\/p>\n\n\n\n<h1 class=\"wp-block-heading\">Il tuo cane e la tua famiglia, tutti insieme!<\/h1>\n\n\n\n<p class=\"has-text-align-center\">Il tuo cane \u00e8 pi\u00f9 di un semplice animale domestico, \u00e8 parte della famiglia. Ti ascolta quando nessun altro lo fa, va a correre con tuo marito e gioca con i bambini.<\/p>\n\n\n\n<p class=\"has-text-align-center\">Volete le foto di questa creatura vivente che significa cos\u00ec tanto per tutti voi. Allora questo pacchetto \u00e8 quello che fa per te:<\/p>\n\n\n\n<div class=\"wp-block-columns has-light-gray-background-color has-background is-layout-flex wp-container-core-columns-is-layout-9d6595d7 wp-block-columns-is-layout-flex\">\n<div class=\"wp-block-column is-layout-flow wp-block-column-is-layout-flow\" style=\"flex-basis:50%\">\n<ul class=\"wp-block-list\">\n<li>Converszione preliminare per telefono o in videochiamata<\/li>\n\n\n\n<li>Tempo di ripresa illimitato<\/li>\n\n\n\n<li>Tra le circa 80 foto che scatto al tuo cane da solo e a voi due, puoi scegliere 10 immagini da una galleria online.<\/li>\n<\/ul>\n<\/div>\n\n\n\n<div class=\"wp-block-column is-layout-flow wp-block-column-is-layout-flow\" style=\"flex-basis:50%\">\n<ul class=\"wp-block-list\">\n<li>Questi 10 foto saranno ritoccate secondo uno standard elevato.<\/li>\n\n\n\n<li>Puoi scaricare tutte le 10 foto in un file digitale<\/li>\n\n\n\n<li>Luogo da concordare<\/li>\n<\/ul>\n<\/div>\n<\/div>\n\n\n\n<p>Prerequisiti: Nessuno! <br>Vedi anche <strong><a href=\"\/it\/?page_id=31696\">Buono da sapere<\/a><br><\/strong><\/p>\n\n\n\n<p><strong>Prezzo: 239,- \u20ac<\/strong><\/p>\n\n\n\n<p class=\"has-text-color has-link-color wp-elements-894eb697db4f95b9ffc63fd743199d76\" style=\"color:#679436\"><strong>Tutte le riprese sono ovviamente possibili anche con pi\u00f9 cani con un supplemento di 50,-\u20ac\/animale aggiuntivo!<\/strong><\/p>\n\n\n\n<p class=\"has-text-color has-link-color wp-elements-dac37745161967b2c0907828313cdc3f\" style=\"color:#679436\"><strong>Le foto aggiuntive possono essere acquistate in qualsiasi momento al prezzo di 5\u20ac.  <\/strong><br><strong>Ogni foto ritoccata in pi\u00f9 costa 14,-\u20ac.<\/strong><\/p>\n\n\n\n<p class=\"has-text-align-center has-light-gray-background-color has-background\"><strong>Avete ancora domande?  <\/strong><br><strong>Chiamatemi o scrivetemi, naturalmente senza impegno!  <\/strong><br><strong>Qualunque sia la tua scelta, sar\u00f2 lieto di fornirti tutte le informazioni necessarie affinch\u00e9 tu possa prendere la tua decisione in tutta tranquillit\u00e0.<\/strong><\/p>\n\n\n\n<div class=\"wp-block-buttons is-content-justification-center is-layout-flex wp-container-core-buttons-is-layout-16018d1d wp-block-buttons-is-layout-flex\">\n<div class=\"wp-block-button\"><a class=\"wp-block-button__link has-background has-small-font-size has-custom-font-size wp-element-button\" href=\"https:\/\/wa.me\/393203150566\" style=\"background-color:#1a659e\" target=\"_blank\" rel=\"noreferrer noopener\">WhatsApp<\/a><\/div>\n\n\n\n<div class=\"wp-block-button\"><a class=\"wp-block-button__link has-background has-small-font-size has-custom-font-size wp-element-button\" href=\"mailto:contact@annefilsinger.com\" style=\"background-color:#1a659e\" target=\"_blank\" rel=\"noreferrer noopener\">e-mail<\/a><\/div>\n\n\n\n<div class=\"wp-block-button\"><a class=\"wp-block-button__link has-background has-small-font-size has-custom-font-size wp-element-button\" style=\"background-color:#1a659e\">T +39 3203150566<\/a><\/div>\n<\/div>\n","protected":false},"excerpt":{"rendered":"<p>Il tuo cane \u00e8 qualcosa di molto speciale. Vuoi foto che mostrino il suo carattere, la sua unicit\u00e0. Vuoi immortalare il momento o magari documentare il suo sviluppo. Tu e il tuo cane siete una vera e propria squadra che affronta la vita insieme. Ecco &hellip; <a href=\"https:\/\/annefilsinger.com\/it\/scatto-di-cani-o-passeggiata-fotografica-la-mia-offerta\/servizio-fotografico-per-cani\/\" class=\"more-link\"><span>Continue reading<span class=\"screen-reader-text\">Servizio fotografico per cani<\/span><\/span><\/a><\/p>\n","protected":false},"author":2,"featured_media":31638,"parent":31738,"menu_order":0,"comment_status":"closed","ping_status":"closed","template":"templates\/right-sidebar.php","meta":{"footnotes":""},"class_list":["post-31750","page","type-page","status-publish","has-post-thumbnail","hentry"],"yoast_head":"<!-- This site is optimized with the Yoast SEO plugin v26.9 - https:\/\/yoast.com\/product\/yoast-seo-wordpress\/ -->\n<title>Servizio fotografico per cani - Anne Filsinger Photography<\/title>\n<meta name=\"description\" content=\"Foto di cani che catturano il tempo. Fotografa con il cane questa creatura vivente che significa tanto per te e la tua famiglia.\" \/>\n<meta name=\"robots\" content=\"index, follow, max-snippet:-1, max-image-preview:large, max-video-preview:-1\" \/>\n<link rel=\"canonical\" href=\"https:\/\/annefilsinger.com\/it\/scatto-di-cani-o-passeggiata-fotografica-la-mia-offerta\/servizio-fotografico-per-cani\/\" \/>\n<meta property=\"og:locale\" content=\"it_IT\" \/>\n<meta property=\"og:type\" content=\"article\" \/>\n<meta property=\"og:title\" content=\"Servizio fotografico per cani - Anne Filsinger Photography\" \/>\n<meta property=\"og:description\" content=\"Foto di cani che catturano il tempo. Fotografa con il cane questa creatura vivente che significa tanto per te e la tua famiglia.\" \/>\n<meta property=\"og:url\" content=\"https:\/\/annefilsinger.com\/it\/scatto-di-cani-o-passeggiata-fotografica-la-mia-offerta\/servizio-fotografico-per-cani\/\" \/>\n<meta property=\"og:site_name\" content=\"Anne Filsinger Photography\" \/>\n<meta property=\"article:modified_time\" content=\"2025-11-18T20:09:13+00:00\" \/>\n<meta property=\"og:image\" content=\"https:\/\/annefilsinger.com\/wp-content\/uploads\/IMG_8034-1920x1080_tiny.jpg\" \/>\n\t<meta property=\"og:image:width\" content=\"1920\" \/>\n\t<meta property=\"og:image:height\" content=\"1080\" \/>\n\t<meta property=\"og:image:type\" content=\"image\/jpeg\" \/>\n<meta name=\"twitter:card\" content=\"summary_large_image\" \/>\n<meta name=\"twitter:label1\" content=\"Tempo di lettura stimato\" \/>\n\t<meta name=\"twitter:data1\" content=\"3 minuti\" \/>\n<script type=\"application\/ld+json\" class=\"yoast-schema-graph\">{\"@context\":\"https:\/\/schema.org\",\"@graph\":[{\"@type\":\"WebPage\",\"@id\":\"https:\/\/annefilsinger.com\/it\/scatto-di-cani-o-passeggiata-fotografica-la-mia-offerta\/servizio-fotografico-per-cani\/\",\"url\":\"https:\/\/annefilsinger.com\/it\/scatto-di-cani-o-passeggiata-fotografica-la-mia-offerta\/servizio-fotografico-per-cani\/\",\"name\":\"Servizio fotografico per cani - Anne Filsinger Photography\",\"isPartOf\":{\"@id\":\"https:\/\/annefilsinger.com\/it\/#website\"},\"primaryImageOfPage\":{\"@id\":\"https:\/\/annefilsinger.com\/it\/scatto-di-cani-o-passeggiata-fotografica-la-mia-offerta\/servizio-fotografico-per-cani\/#primaryimage\"},\"image\":{\"@id\":\"https:\/\/annefilsinger.com\/it\/scatto-di-cani-o-passeggiata-fotografica-la-mia-offerta\/servizio-fotografico-per-cani\/#primaryimage\"},\"thumbnailUrl\":\"https:\/\/annefilsinger.com\/wp-content\/uploads\/IMG_8034-1920x1080_tiny.jpg\",\"datePublished\":\"2024-02-10T21:55:45+00:00\",\"dateModified\":\"2025-11-18T20:09:13+00:00\",\"description\":\"Foto di cani che catturano il tempo. Fotografa con il cane questa creatura vivente che significa tanto per te e la tua famiglia.\",\"breadcrumb\":{\"@id\":\"https:\/\/annefilsinger.com\/it\/scatto-di-cani-o-passeggiata-fotografica-la-mia-offerta\/servizio-fotografico-per-cani\/#breadcrumb\"},\"inLanguage\":\"it-IT\",\"potentialAction\":[{\"@type\":\"ReadAction\",\"target\":[\"https:\/\/annefilsinger.com\/it\/scatto-di-cani-o-passeggiata-fotografica-la-mia-offerta\/servizio-fotografico-per-cani\/\"]}]},{\"@type\":\"ImageObject\",\"inLanguage\":\"it-IT\",\"@id\":\"https:\/\/annefilsinger.com\/it\/scatto-di-cani-o-passeggiata-fotografica-la-mia-offerta\/servizio-fotografico-per-cani\/#primaryimage\",\"url\":\"https:\/\/annefilsinger.com\/wp-content\/uploads\/IMG_8034-1920x1080_tiny.jpg\",\"contentUrl\":\"https:\/\/annefilsinger.com\/wp-content\/uploads\/IMG_8034-1920x1080_tiny.jpg\",\"width\":1920,\"height\":1080},{\"@type\":\"BreadcrumbList\",\"@id\":\"https:\/\/annefilsinger.com\/it\/scatto-di-cani-o-passeggiata-fotografica-la-mia-offerta\/servizio-fotografico-per-cani\/#breadcrumb\",\"itemListElement\":[{\"@type\":\"ListItem\",\"position\":1,\"name\":\"Startseite\",\"item\":\"https:\/\/annefilsinger.com\/it\/\"},{\"@type\":\"ListItem\",\"position\":2,\"name\":\"Le mie offerte\",\"item\":\"https:\/\/annefilsinger.com\/it\/scatto-di-cani-o-passeggiata-fotografica-la-mia-offerta\/\"},{\"@type\":\"ListItem\",\"position\":3,\"name\":\"Servizio fotografico per cani\"}]},{\"@type\":\"WebSite\",\"@id\":\"https:\/\/annefilsinger.com\/it\/#website\",\"url\":\"https:\/\/annefilsinger.com\/it\/\",\"name\":\"Anne Filsinger Photography\",\"description\":\"Pet Photographer\",\"potentialAction\":[{\"@type\":\"SearchAction\",\"target\":{\"@type\":\"EntryPoint\",\"urlTemplate\":\"https:\/\/annefilsinger.com\/it\/?s={search_term_string}\"},\"query-input\":{\"@type\":\"PropertyValueSpecification\",\"valueRequired\":true,\"valueName\":\"search_term_string\"}}],\"inLanguage\":\"it-IT\"}]}<\/script>\n<!-- \/ Yoast SEO plugin. -->","yoast_head_json":{"title":"Servizio fotografico per cani - Anne Filsinger Photography","description":"Foto di cani che catturano il tempo. Fotografa con il cane questa creatura vivente che significa tanto per te e la tua famiglia.","robots":{"index":"index","follow":"follow","max-snippet":"max-snippet:-1","max-image-preview":"max-image-preview:large","max-video-preview":"max-video-preview:-1"},"canonical":"https:\/\/annefilsinger.com\/it\/scatto-di-cani-o-passeggiata-fotografica-la-mia-offerta\/servizio-fotografico-per-cani\/","og_locale":"it_IT","og_type":"article","og_title":"Servizio fotografico per cani - Anne Filsinger Photography","og_description":"Foto di cani che catturano il tempo. Fotografa con il cane questa creatura vivente che significa tanto per te e la tua famiglia.","og_url":"https:\/\/annefilsinger.com\/it\/scatto-di-cani-o-passeggiata-fotografica-la-mia-offerta\/servizio-fotografico-per-cani\/","og_site_name":"Anne Filsinger Photography","article_modified_time":"2025-11-18T20:09:13+00:00","og_image":[{"width":1920,"height":1080,"url":"https:\/\/annefilsinger.com\/wp-content\/uploads\/IMG_8034-1920x1080_tiny.jpg","type":"image\/jpeg"}],"twitter_card":"summary_large_image","twitter_misc":{"Tempo di lettura stimato":"3 minuti"},"schema":{"@context":"https:\/\/schema.org","@graph":[{"@type":"WebPage","@id":"https:\/\/annefilsinger.com\/it\/scatto-di-cani-o-passeggiata-fotografica-la-mia-offerta\/servizio-fotografico-per-cani\/","url":"https:\/\/annefilsinger.com\/it\/scatto-di-cani-o-passeggiata-fotografica-la-mia-offerta\/servizio-fotografico-per-cani\/","name":"Servizio fotografico per cani - Anne Filsinger Photography","isPartOf":{"@id":"https:\/\/annefilsinger.com\/it\/#website"},"primaryImageOfPage":{"@id":"https:\/\/annefilsinger.com\/it\/scatto-di-cani-o-passeggiata-fotografica-la-mia-offerta\/servizio-fotografico-per-cani\/#primaryimage"},"image":{"@id":"https:\/\/annefilsinger.com\/it\/scatto-di-cani-o-passeggiata-fotografica-la-mia-offerta\/servizio-fotografico-per-cani\/#primaryimage"},"thumbnailUrl":"https:\/\/annefilsinger.com\/wp-content\/uploads\/IMG_8034-1920x1080_tiny.jpg","datePublished":"2024-02-10T21:55:45+00:00","dateModified":"2025-11-18T20:09:13+00:00","description":"Foto di cani che catturano il tempo. Fotografa con il cane questa creatura vivente che significa tanto per te e la tua famiglia.","breadcrumb":{"@id":"https:\/\/annefilsinger.com\/it\/scatto-di-cani-o-passeggiata-fotografica-la-mia-offerta\/servizio-fotografico-per-cani\/#breadcrumb"},"inLanguage":"it-IT","potentialAction":[{"@type":"ReadAction","target":["https:\/\/annefilsinger.com\/it\/scatto-di-cani-o-passeggiata-fotografica-la-mia-offerta\/servizio-fotografico-per-cani\/"]}]},{"@type":"ImageObject","inLanguage":"it-IT","@id":"https:\/\/annefilsinger.com\/it\/scatto-di-cani-o-passeggiata-fotografica-la-mia-offerta\/servizio-fotografico-per-cani\/#primaryimage","url":"https:\/\/annefilsinger.com\/wp-content\/uploads\/IMG_8034-1920x1080_tiny.jpg","contentUrl":"https:\/\/annefilsinger.com\/wp-content\/uploads\/IMG_8034-1920x1080_tiny.jpg","width":1920,"height":1080},{"@type":"BreadcrumbList","@id":"https:\/\/annefilsinger.com\/it\/scatto-di-cani-o-passeggiata-fotografica-la-mia-offerta\/servizio-fotografico-per-cani\/#breadcrumb","itemListElement":[{"@type":"ListItem","position":1,"name":"Startseite","item":"https:\/\/annefilsinger.com\/it\/"},{"@type":"ListItem","position":2,"name":"Le mie offerte","item":"https:\/\/annefilsinger.com\/it\/scatto-di-cani-o-passeggiata-fotografica-la-mia-offerta\/"},{"@type":"ListItem","position":3,"name":"Servizio fotografico per cani"}]},{"@type":"WebSite","@id":"https:\/\/annefilsinger.com\/it\/#website","url":"https:\/\/annefilsinger.com\/it\/","name":"Anne Filsinger Photography","description":"Pet Photographer","potentialAction":[{"@type":"SearchAction","target":{"@type":"EntryPoint","urlTemplate":"https:\/\/annefilsinger.com\/it\/?s={search_term_string}"},"query-input":{"@type":"PropertyValueSpecification","valueRequired":true,"valueName":"search_term_string"}}],"inLanguage":"it-IT"}]}},"_links":{"self":[{"href":"https:\/\/annefilsinger.com\/it\/wp-json\/wp\/v2\/pages\/31750","targetHints":{"allow":["GET"]}}],"collection":[{"href":"https:\/\/annefilsinger.com\/it\/wp-json\/wp\/v2\/pages"}],"about":[{"href":"https:\/\/annefilsinger.com\/it\/wp-json\/wp\/v2\/types\/page"}],"author":[{"embeddable":true,"href":"https:\/\/annefilsinger.com\/it\/wp-json\/wp\/v2\/users\/2"}],"replies":[{"embeddable":true,"href":"https:\/\/annefilsinger.com\/it\/wp-json\/wp\/v2\/comments?post=31750"}],"version-history":[{"count":11,"href":"https:\/\/annefilsinger.com\/it\/wp-json\/wp\/v2\/pages\/31750\/revisions"}],"predecessor-version":[{"id":31898,"href":"https:\/\/annefilsinger.com\/it\/wp-json\/wp\/v2\/pages\/31750\/revisions\/31898"}],"up":[{"embeddable":true,"href":"https:\/\/annefilsinger.com\/it\/wp-json\/wp\/v2\/pages\/31738"}],"wp:featuredmedia":[{"embeddable":true,"href":"https:\/\/annefilsinger.com\/it\/wp-json\/wp\/v2\/media\/31638"}],"wp:attachment":[{"href":"https:\/\/annefilsinger.com\/it\/wp-json\/wp\/v2\/media?parent=31750"}],"curies":[{"name":"wp","href":"https:\/\/api.w.org\/{rel}","templated":true}]}}