{"id":31744,"date":"2024-02-07T11:56:10","date_gmt":"2024-02-07T10:56:10","guid":{"rendered":"https:\/\/annefilsinger.com\/sei-nel-posto-giusto-se\/"},"modified":"2024-03-23T19:05:56","modified_gmt":"2024-03-23T18:05:56","slug":"sei-nel-posto-giusto-se","status":"publish","type":"page","link":"https:\/\/annefilsinger.com\/it\/","title":{"rendered":"Sono la fotografa giusta per te quando &#8230;"},"content":{"rendered":"\n<p>&#8230; vuoi delle foto autentiche del tuo cane nella natura.<\/p>\n\n\n\n<p>&#8230; vuoi delle foto di te e del tuo cane che raccontino la storia della vostra amicizia speciale.<\/p>\n\n\n\n<p>&#8230; vuoi catturare i ricordi di un essere unico e di momenti caratteristici.<\/p>\n\n\n\n<p>&#8230; sei in vacanza in Maremma e cerchi un&#8217;esperienza particolare. Durante una passeggiata fotografica, potrai conoscere un paesaggio straordinario e la sua natura, abbinati a bellissime foto di te e del tuo cane.<\/p>\n\n\n\n<p>&#8230; vuoi divertirti con il tuo cane e passare una bella serata durante il servizio fotografico.<\/p>\n\n\n<div data-carousel-extra='{\"blog_id\":1,\"permalink\":\"https:\\\/\\\/annefilsinger.com\\\/it\\\/\"}' class=\"tiled-gallery type-square\" data-original-width=\"756\"><div class=\"tiled-gallery-item calling-this\"><a border=\"0\" href=\"https:\/\/annefilsinger.com\/it\/sei-nel-posto-giusto-se\/afi_2325-_1080x108072_tiny-3\/\"><img decoding=\"async\" data-attachment-id=\"31649\" data-orig-file=\"https:\/\/annefilsinger.com\/wp-content\/uploads\/AFI_2325-_1080x108072_tiny.jpg\" data-orig-size=\"1076,1080\" data-comments-opened=\"0\" data-image-meta=\"{&quot;aperture&quot;:&quot;0&quot;,&quot;credit&quot;:&quot;&quot;,&quot;camera&quot;:&quot;&quot;,&quot;caption&quot;:&quot;&quot;,&quot;created_timestamp&quot;:&quot;0&quot;,&quot;copyright&quot;:&quot;&quot;,&quot;focal_length&quot;:&quot;0&quot;,&quot;iso&quot;:&quot;0&quot;,&quot;shutter_speed&quot;:&quot;0&quot;,&quot;title&quot;:&quot;&quot;,&quot;orientation&quot;:&quot;0&quot;}\" data-image-title=\"AFI_2325-_1080x1080,72_tiny\" data-image-description=\"\" data-medium-file=\"https:\/\/annefilsinger.com\/wp-content\/uploads\/AFI_2325-_1080x108072_tiny-598x600.jpg\" data-large-file=\"https:\/\/annefilsinger.com\/wp-content\/uploads\/AFI_2325-_1080x108072_tiny-897x900.jpg\" style=\"margin: 2px\" src=\"https:\/\/annefilsinger.com\/wp-content\/uploads\/AFI_2325-_1080x108072_tiny-1076x1076.jpg\" width=185 height=185 title=\"AFI_2325-_1080x1080,72_tiny\" \/><\/a><\/div><div class=\"tiled-gallery-item calling-this\"><a border=\"0\" href=\"https:\/\/annefilsinger.com\/it\/sei-nel-posto-giusto-se\/afi_2933-bearbeitet_1080x108072-2\/\"><img decoding=\"async\" data-attachment-id=\"31650\" data-orig-file=\"https:\/\/annefilsinger.com\/wp-content\/uploads\/AFI_2933-Bearbeitet_1080x108072.jpg\" data-orig-size=\"1080,1080\" data-comments-opened=\"0\" data-image-meta=\"{&quot;aperture&quot;:&quot;0&quot;,&quot;credit&quot;:&quot;&quot;,&quot;camera&quot;:&quot;&quot;,&quot;caption&quot;:&quot;&quot;,&quot;created_timestamp&quot;:&quot;0&quot;,&quot;copyright&quot;:&quot;&quot;,&quot;focal_length&quot;:&quot;0&quot;,&quot;iso&quot;:&quot;0&quot;,&quot;shutter_speed&quot;:&quot;0&quot;,&quot;title&quot;:&quot;&quot;,&quot;orientation&quot;:&quot;0&quot;}\" data-image-title=\"AFI_2933-Bearbeitet_1080x1080,72\" data-image-description=\"\" data-medium-file=\"https:\/\/annefilsinger.com\/wp-content\/uploads\/AFI_2933-Bearbeitet_1080x108072-600x600.jpg\" data-large-file=\"https:\/\/annefilsinger.com\/wp-content\/uploads\/AFI_2933-Bearbeitet_1080x108072-900x900.jpg\" style=\"margin: 2px\" src=\"https:\/\/annefilsinger.com\/wp-content\/uploads\/AFI_2933-Bearbeitet_1080x108072.jpg\" width=185 height=185 title=\"AFI_2933-Bearbeitet_1080x1080,72\" \/><\/a><\/div><div class=\"tiled-gallery-item calling-this\"><a border=\"0\" href=\"https:\/\/annefilsinger.com\/it\/sei-nel-posto-giusto-se\/afi_0701__1080x108072_tiny-3\/\"><img decoding=\"async\" data-attachment-id=\"31647\" data-orig-file=\"https:\/\/annefilsinger.com\/wp-content\/uploads\/AFI_0701__1080x108072_tiny.jpg\" data-orig-size=\"1080,1080\" data-comments-opened=\"0\" data-image-meta=\"{&quot;aperture&quot;:&quot;0&quot;,&quot;credit&quot;:&quot;&quot;,&quot;camera&quot;:&quot;&quot;,&quot;caption&quot;:&quot;&quot;,&quot;created_timestamp&quot;:&quot;0&quot;,&quot;copyright&quot;:&quot;&quot;,&quot;focal_length&quot;:&quot;0&quot;,&quot;iso&quot;:&quot;0&quot;,&quot;shutter_speed&quot;:&quot;0&quot;,&quot;title&quot;:&quot;&quot;,&quot;orientation&quot;:&quot;0&quot;}\" data-image-title=\"AFI_0701__1080x1080,72_tiny\" data-image-description=\"\" data-medium-file=\"https:\/\/annefilsinger.com\/wp-content\/uploads\/AFI_0701__1080x108072_tiny-600x600.jpg\" data-large-file=\"https:\/\/annefilsinger.com\/wp-content\/uploads\/AFI_0701__1080x108072_tiny-900x900.jpg\" style=\"margin: 2px\" src=\"https:\/\/annefilsinger.com\/wp-content\/uploads\/AFI_0701__1080x108072_tiny.jpg\" width=185 height=185 title=\"AFI_0701__1080x1080,72_tiny\" \/><\/a><\/div><div class=\"tiled-gallery-item calling-this\"><a border=\"0\" href=\"https:\/\/annefilsinger.com\/it\/sei-nel-posto-giusto-se\/_fi_3999_1080x108072_tiny-2\/\"><img decoding=\"async\" data-attachment-id=\"31645\" data-orig-file=\"https:\/\/annefilsinger.com\/wp-content\/uploads\/FI_3999_1080x108072_tiny.jpg\" data-orig-size=\"1080,1080\" data-comments-opened=\"0\" data-image-meta=\"{&quot;aperture&quot;:&quot;0&quot;,&quot;credit&quot;:&quot;&quot;,&quot;camera&quot;:&quot;&quot;,&quot;caption&quot;:&quot;&quot;,&quot;created_timestamp&quot;:&quot;0&quot;,&quot;copyright&quot;:&quot;&quot;,&quot;focal_length&quot;:&quot;0&quot;,&quot;iso&quot;:&quot;0&quot;,&quot;shutter_speed&quot;:&quot;0&quot;,&quot;title&quot;:&quot;&quot;,&quot;orientation&quot;:&quot;0&quot;}\" data-image-title=\"_FI_3999_1080x1080,72_tiny\" data-image-description=\"\" data-medium-file=\"https:\/\/annefilsinger.com\/wp-content\/uploads\/FI_3999_1080x108072_tiny-600x600.jpg\" data-large-file=\"https:\/\/annefilsinger.com\/wp-content\/uploads\/FI_3999_1080x108072_tiny-900x900.jpg\" style=\"margin: 2px\" src=\"https:\/\/annefilsinger.com\/wp-content\/uploads\/FI_3999_1080x108072_tiny.jpg\" width=185 height=185 title=\"_FI_3999_1080x1080,72_tiny\" \/><\/a><\/div><div class=\"tiled-gallery-item calling-this\"><a border=\"0\" href=\"https:\/\/annefilsinger.com\/it\/sei-nel-posto-giusto-se\/afi_1929__1080x108072_tiny-3\/\"><img decoding=\"async\" data-attachment-id=\"31648\" data-orig-file=\"https:\/\/annefilsinger.com\/wp-content\/uploads\/AFI_1929__1080x108072_tiny.jpg\" data-orig-size=\"1080,1080\" data-comments-opened=\"0\" data-image-meta=\"{&quot;aperture&quot;:&quot;0&quot;,&quot;credit&quot;:&quot;&quot;,&quot;camera&quot;:&quot;&quot;,&quot;caption&quot;:&quot;&quot;,&quot;created_timestamp&quot;:&quot;0&quot;,&quot;copyright&quot;:&quot;&quot;,&quot;focal_length&quot;:&quot;0&quot;,&quot;iso&quot;:&quot;0&quot;,&quot;shutter_speed&quot;:&quot;0&quot;,&quot;title&quot;:&quot;&quot;,&quot;orientation&quot;:&quot;0&quot;}\" data-image-title=\"AFI_1929__1080x1080,72_tiny\" data-image-description=\"\" data-medium-file=\"https:\/\/annefilsinger.com\/wp-content\/uploads\/AFI_1929__1080x108072_tiny-600x600.jpg\" data-large-file=\"https:\/\/annefilsinger.com\/wp-content\/uploads\/AFI_1929__1080x108072_tiny-900x900.jpg\" style=\"margin: 2px\" src=\"https:\/\/annefilsinger.com\/wp-content\/uploads\/AFI_1929__1080x108072_tiny.jpg\" width=185 height=185 title=\"AFI_1929__1080x1080,72_tiny\" \/><\/a><\/div><div class=\"tiled-gallery-item calling-this\"><a border=\"0\" href=\"https:\/\/annefilsinger.com\/it\/sei-nel-posto-giusto-se\/afi_0487-_1080x108072_tiny-2\/\"><img decoding=\"async\" data-attachment-id=\"31646\" data-orig-file=\"https:\/\/annefilsinger.com\/wp-content\/uploads\/AFI_0487-_1080x108072_tiny.jpg\" data-orig-size=\"1080,1080\" data-comments-opened=\"0\" data-image-meta=\"{&quot;aperture&quot;:&quot;0&quot;,&quot;credit&quot;:&quot;&quot;,&quot;camera&quot;:&quot;&quot;,&quot;caption&quot;:&quot;&quot;,&quot;created_timestamp&quot;:&quot;0&quot;,&quot;copyright&quot;:&quot;&quot;,&quot;focal_length&quot;:&quot;0&quot;,&quot;iso&quot;:&quot;0&quot;,&quot;shutter_speed&quot;:&quot;0&quot;,&quot;title&quot;:&quot;&quot;,&quot;orientation&quot;:&quot;0&quot;}\" data-image-title=\"AFI_0487-_1080x1080,72_tiny\" data-image-description=\"\" data-medium-file=\"https:\/\/annefilsinger.com\/wp-content\/uploads\/AFI_0487-_1080x108072_tiny-600x600.jpg\" data-large-file=\"https:\/\/annefilsinger.com\/wp-content\/uploads\/AFI_0487-_1080x108072_tiny-900x900.jpg\" style=\"margin: 2px\" src=\"https:\/\/annefilsinger.com\/wp-content\/uploads\/AFI_0487-_1080x108072_tiny.jpg\" width=185 height=185 title=\"AFI_0487-_1080x1080,72_tiny\" \/><\/a><\/div><div class=\"tiled-gallery-item calling-this\"><a border=\"0\" href=\"https:\/\/annefilsinger.com\/it\/sei-nel-posto-giusto-se\/img_7283_1080x108072_tiny-2\/\"><img decoding=\"async\" data-attachment-id=\"31651\" data-orig-file=\"https:\/\/annefilsinger.com\/wp-content\/uploads\/IMG_7283_1080x108072_tiny.jpg\" data-orig-size=\"1200,1200\" data-comments-opened=\"0\" data-image-meta=\"{&quot;aperture&quot;:&quot;0&quot;,&quot;credit&quot;:&quot;&quot;,&quot;camera&quot;:&quot;&quot;,&quot;caption&quot;:&quot;&quot;,&quot;created_timestamp&quot;:&quot;0&quot;,&quot;copyright&quot;:&quot;&quot;,&quot;focal_length&quot;:&quot;0&quot;,&quot;iso&quot;:&quot;0&quot;,&quot;shutter_speed&quot;:&quot;0&quot;,&quot;title&quot;:&quot;&quot;,&quot;orientation&quot;:&quot;0&quot;}\" data-image-title=\"IMG_7283_1080x1080,72_tiny\" data-image-description=\"\" data-medium-file=\"https:\/\/annefilsinger.com\/wp-content\/uploads\/IMG_7283_1080x108072_tiny-600x600.jpg\" data-large-file=\"https:\/\/annefilsinger.com\/wp-content\/uploads\/IMG_7283_1080x108072_tiny-900x900.jpg\" style=\"margin: 2px\" src=\"https:\/\/annefilsinger.com\/wp-content\/uploads\/IMG_7283_1080x108072_tiny.jpg\" width=185 height=185 title=\"IMG_7283_1080x1080,72_tiny\" \/><\/a><\/div><div class=\"tiled-gallery-item calling-this\"><a border=\"0\" href=\"https:\/\/annefilsinger.com\/it\/sei-nel-posto-giusto-se\/afi_2647-ps_230708-ps_230708_72_tiny-3\/\"><img decoding=\"async\" data-attachment-id=\"31654\" data-orig-file=\"https:\/\/annefilsinger.com\/wp-content\/uploads\/AFI_2647-PS_230708-PS_230708_72_tiny.jpg\" data-orig-size=\"1920,1280\" data-comments-opened=\"0\" data-image-meta=\"{&quot;aperture&quot;:&quot;0&quot;,&quot;credit&quot;:&quot;&quot;,&quot;camera&quot;:&quot;&quot;,&quot;caption&quot;:&quot;&quot;,&quot;created_timestamp&quot;:&quot;0&quot;,&quot;copyright&quot;:&quot;&quot;,&quot;focal_length&quot;:&quot;0&quot;,&quot;iso&quot;:&quot;0&quot;,&quot;shutter_speed&quot;:&quot;0&quot;,&quot;title&quot;:&quot;&quot;,&quot;orientation&quot;:&quot;0&quot;}\" data-image-title=\"AFI_2647-PS_230708-PS_230708_72_tiny\" data-image-description=\"\" data-medium-file=\"https:\/\/annefilsinger.com\/wp-content\/uploads\/AFI_2647-PS_230708-PS_230708_72_tiny-600x400.jpg\" data-large-file=\"https:\/\/annefilsinger.com\/wp-content\/uploads\/AFI_2647-PS_230708-PS_230708_72_tiny-1200x800.jpg\" style=\"margin: 2px\" src=\"https:\/\/annefilsinger.com\/wp-content\/uploads\/AFI_2647-PS_230708-PS_230708_72_tiny-1280x1280.jpg\" width=185 height=185 title=\"AFI_2647-PS_230708-PS_230708_72_tiny\" \/><\/a><\/div><\/div>\n\n\n<p class=\"has-text-align-center has-medium-gray-color has-light-gray-background-color has-text-color has-background has-link-color wp-elements-ee812d4db8e1b859d2ef2db9534d9479\">&#8220;<strong><em>Vorrei catturare il momento. Anche quelli di tutti i giorni. Rituali. L&#8217;unione. Il tempo trascorso insieme finisce troppo in fretta. In questo caso le fotografie diventano particolarmente preziose, perch\u00e9 mantengono vivi i ricordi.<\/em><\/strong>&#8220;<\/p>\n\n\n\n<p><\/p>\n\n\n\n<h2 class=\"wp-block-heading has-large-font-size\">Servizi fotografici per cani nella natura<\/h2>\n\n\n\n<p>Il mio posto preferito per scattare foto \u00e8 la natura. Ogni servizio fotografico \u00e8 personalizzato in base ai tuoi desideri e al tuo cane.  <br>Qui troverai alcune informazioni sulla <a href=\"\/it\/?page_id=31727\"> <strong>procedura<\/strong><\/a> e qui <a href=\"\/it\/?page_id=31696\"> <strong>le risposte alle domande pi\u00f9 frequenti<\/strong> <\/a>.<br><\/p>\n\n\n\n<p><\/p>\n\n\n\n<p class=\"has-light-gray-background-color has-background\"><strong>Se sei interessato a un servizio fotografico per cani o a una passeggiata fotografica, inviami un&#8217;<a href=\"mailto:contact@annefilsinger.com\">e-mail<\/a> o un <a href=\"https:\/\/wa.me\/393203150566\">WhatsApp<\/a>&#8211; ovviamente senza alcun impegno <strong>&#8211;<\/strong> oppure chiamami al numero +39 3203150566.  <\/strong><br><strong>Qualunque sia la tua scelta, sar\u00f2 lieto di fornirti tutte le informazioni necessarie affinch\u00e9 tu possa prendere la tua decisione in tutta tranquillit\u00e0.<\/strong><\/p>\n\n\n\n<h2 class=\"wp-block-heading has-large-font-size\">Prima di fotografare te e il tuo cane, ti piacerebbe sapere qualcosa in pi\u00f9 su di me?<\/h2>\n\n\n\n<div class=\"wp-block-buttons is-horizontal is-content-justification-center is-layout-flex wp-container-core-buttons-is-layout-ddb39544 wp-block-buttons-is-layout-flex\" id=\"deine-hundefotografin\">\n<div class=\"wp-block-button has-custom-font-size\" style=\"font-size:15px\"><a class=\"wp-block-button__link has-white-color has-text-color has-background has-link-color wp-element-button\" href=\"https:\/\/annefilsinger.com\/it\/il-vostro-fotografo-per-cani\/\" style=\"border-radius:0px;background-color:#1a659e\">Allora clicca qui!<\/a><\/div>\n<\/div>\n\n\n<div class=\"wp-block-image\">\n<figure class=\"aligncenter size-medium\"><img loading=\"lazy\" decoding=\"async\" width=\"600\" height=\"487\" src=\"https:\/\/annefilsinger.com\/wp-content\/uploads\/Katzenfotografie_IMG_6475-600x487.jpg\" alt=\"Il vostro fotografo per cani\" class=\"wp-image-31066\" srcset=\"https:\/\/annefilsinger.com\/wp-content\/uploads\/Katzenfotografie_IMG_6475-600x487.jpg 600w, https:\/\/annefilsinger.com\/wp-content\/uploads\/Katzenfotografie_IMG_6475-768x623.jpg 768w, https:\/\/annefilsinger.com\/wp-content\/uploads\/Katzenfotografie_IMG_6475.jpg 1080w\" sizes=\"auto, (max-width: 600px) 100vw, 600px\" \/><\/figure>\n<\/div>","protected":false},"excerpt":{"rendered":"<p>&#8230; vuoi delle foto autentiche del tuo cane nella natura. &#8230; vuoi delle foto di te e del tuo cane che raccontino la storia della vostra amicizia speciale. &#8230; vuoi catturare i ricordi di un essere unico e di momenti caratteristici. &#8230; sei in vacanza &hellip; <a href=\"https:\/\/annefilsinger.com\/it\/\" class=\"more-link\"><span>Continue reading<span class=\"screen-reader-text\">Sono la fotografa giusta per te quando &#8230;<\/span><\/span><\/a><\/p>\n","protected":false},"author":2,"featured_media":0,"parent":0,"menu_order":0,"comment_status":"closed","ping_status":"closed","template":"templates\/full-content-width-page.php","meta":{"footnotes":""},"class_list":["post-31744","page","type-page","status-publish","hentry"],"yoast_head":"<!-- This site is optimized with the Yoast SEO plugin v26.9 - https:\/\/yoast.com\/product\/yoast-seo-wordpress\/ -->\n<title>Sono la fotografa giusta per te quando ... - Anne Filsinger Photography<\/title>\n<meta name=\"description\" content=\"Le foto del tuo cane che mostrano il suo carattere, catturano anche la vita quotidiana, i giochi, i rituali e il vostro affiatamento. Un servizio fotografico speciale per cani.\" \/>\n<meta name=\"robots\" content=\"index, follow, max-snippet:-1, max-image-preview:large, max-video-preview:-1\" \/>\n<link rel=\"canonical\" href=\"https:\/\/annefilsinger.com\/it\/\" \/>\n<meta property=\"og:locale\" content=\"it_IT\" \/>\n<meta property=\"og:type\" content=\"article\" \/>\n<meta property=\"og:title\" content=\"Sono la fotografa giusta per te quando ... - Anne Filsinger Photography\" \/>\n<meta property=\"og:description\" content=\"Le foto del tuo cane che mostrano il suo carattere, catturano anche la vita quotidiana, i giochi, i rituali e il vostro affiatamento. Un servizio fotografico speciale per cani.\" \/>\n<meta property=\"og:url\" content=\"https:\/\/annefilsinger.com\/it\/\" \/>\n<meta property=\"og:site_name\" content=\"Anne Filsinger Photography\" \/>\n<meta property=\"article:modified_time\" content=\"2024-03-23T18:05:56+00:00\" \/>\n<meta property=\"og:image\" content=\"https:\/\/annefilsinger.com\/wp-content\/uploads\/AFI_2325-_1080x108072_tiny-1076x1076.jpg\" \/>\n<meta name=\"twitter:card\" content=\"summary_large_image\" \/>\n<meta name=\"twitter:label1\" content=\"Tempo di lettura stimato\" \/>\n\t<meta name=\"twitter:data1\" content=\"2 minuti\" \/>\n<script type=\"application\/ld+json\" class=\"yoast-schema-graph\">{\"@context\":\"https:\/\/schema.org\",\"@graph\":[{\"@type\":\"WebPage\",\"@id\":\"https:\/\/annefilsinger.com\/it\/\",\"url\":\"https:\/\/annefilsinger.com\/it\/\",\"name\":\"Sono la fotografa giusta per te quando ... - Anne Filsinger Photography\",\"isPartOf\":{\"@id\":\"https:\/\/annefilsinger.com\/it\/#website\"},\"primaryImageOfPage\":{\"@id\":\"https:\/\/annefilsinger.com\/it\/#primaryimage\"},\"image\":{\"@id\":\"https:\/\/annefilsinger.com\/it\/#primaryimage\"},\"thumbnailUrl\":\"https:\/\/annefilsinger.com\/wp-content\/uploads\/Katzenfotografie_IMG_6475-600x487.jpg\",\"datePublished\":\"2024-02-07T10:56:10+00:00\",\"dateModified\":\"2024-03-23T18:05:56+00:00\",\"description\":\"Le foto del tuo cane che mostrano il suo carattere, catturano anche la vita quotidiana, i giochi, i rituali e il vostro affiatamento. Un servizio fotografico speciale per cani.\",\"breadcrumb\":{\"@id\":\"https:\/\/annefilsinger.com\/it\/#breadcrumb\"},\"inLanguage\":\"it-IT\",\"potentialAction\":[{\"@type\":\"ReadAction\",\"target\":[\"https:\/\/annefilsinger.com\/it\/\"]}]},{\"@type\":\"ImageObject\",\"inLanguage\":\"it-IT\",\"@id\":\"https:\/\/annefilsinger.com\/it\/#primaryimage\",\"url\":\"https:\/\/annefilsinger.com\/wp-content\/uploads\/Katzenfotografie_IMG_6475-600x487.jpg\",\"contentUrl\":\"https:\/\/annefilsinger.com\/wp-content\/uploads\/Katzenfotografie_IMG_6475-600x487.jpg\"},{\"@type\":\"BreadcrumbList\",\"@id\":\"https:\/\/annefilsinger.com\/it\/#breadcrumb\",\"itemListElement\":[{\"@type\":\"ListItem\",\"position\":1,\"name\":\"Startseite\",\"item\":\"https:\/\/annefilsinger.com\/it\/\"},{\"@type\":\"ListItem\",\"position\":2,\"name\":\"Sono la fotografa giusta per te quando &#8230;\"}]},{\"@type\":\"WebSite\",\"@id\":\"https:\/\/annefilsinger.com\/it\/#website\",\"url\":\"https:\/\/annefilsinger.com\/it\/\",\"name\":\"Anne Filsinger Photography\",\"description\":\"Pet Photographer\",\"potentialAction\":[{\"@type\":\"SearchAction\",\"target\":{\"@type\":\"EntryPoint\",\"urlTemplate\":\"https:\/\/annefilsinger.com\/it\/?s={search_term_string}\"},\"query-input\":{\"@type\":\"PropertyValueSpecification\",\"valueRequired\":true,\"valueName\":\"search_term_string\"}}],\"inLanguage\":\"it-IT\"}]}<\/script>\n<!-- \/ Yoast SEO plugin. -->","yoast_head_json":{"title":"Sono la fotografa giusta per te quando ... - Anne Filsinger Photography","description":"Le foto del tuo cane che mostrano il suo carattere, catturano anche la vita quotidiana, i giochi, i rituali e il vostro affiatamento. Un servizio fotografico speciale per cani.","robots":{"index":"index","follow":"follow","max-snippet":"max-snippet:-1","max-image-preview":"max-image-preview:large","max-video-preview":"max-video-preview:-1"},"canonical":"https:\/\/annefilsinger.com\/it\/","og_locale":"it_IT","og_type":"article","og_title":"Sono la fotografa giusta per te quando ... - Anne Filsinger Photography","og_description":"Le foto del tuo cane che mostrano il suo carattere, catturano anche la vita quotidiana, i giochi, i rituali e il vostro affiatamento. Un servizio fotografico speciale per cani.","og_url":"https:\/\/annefilsinger.com\/it\/","og_site_name":"Anne Filsinger Photography","article_modified_time":"2024-03-23T18:05:56+00:00","og_image":[{"url":"https:\/\/annefilsinger.com\/wp-content\/uploads\/AFI_2325-_1080x108072_tiny-1076x1076.jpg","type":"","width":"","height":""}],"twitter_card":"summary_large_image","twitter_misc":{"Tempo di lettura stimato":"2 minuti"},"schema":{"@context":"https:\/\/schema.org","@graph":[{"@type":"WebPage","@id":"https:\/\/annefilsinger.com\/it\/","url":"https:\/\/annefilsinger.com\/it\/","name":"Sono la fotografa giusta per te quando ... - Anne Filsinger Photography","isPartOf":{"@id":"https:\/\/annefilsinger.com\/it\/#website"},"primaryImageOfPage":{"@id":"https:\/\/annefilsinger.com\/it\/#primaryimage"},"image":{"@id":"https:\/\/annefilsinger.com\/it\/#primaryimage"},"thumbnailUrl":"https:\/\/annefilsinger.com\/wp-content\/uploads\/Katzenfotografie_IMG_6475-600x487.jpg","datePublished":"2024-02-07T10:56:10+00:00","dateModified":"2024-03-23T18:05:56+00:00","description":"Le foto del tuo cane che mostrano il suo carattere, catturano anche la vita quotidiana, i giochi, i rituali e il vostro affiatamento. Un servizio fotografico speciale per cani.","breadcrumb":{"@id":"https:\/\/annefilsinger.com\/it\/#breadcrumb"},"inLanguage":"it-IT","potentialAction":[{"@type":"ReadAction","target":["https:\/\/annefilsinger.com\/it\/"]}]},{"@type":"ImageObject","inLanguage":"it-IT","@id":"https:\/\/annefilsinger.com\/it\/#primaryimage","url":"https:\/\/annefilsinger.com\/wp-content\/uploads\/Katzenfotografie_IMG_6475-600x487.jpg","contentUrl":"https:\/\/annefilsinger.com\/wp-content\/uploads\/Katzenfotografie_IMG_6475-600x487.jpg"},{"@type":"BreadcrumbList","@id":"https:\/\/annefilsinger.com\/it\/#breadcrumb","itemListElement":[{"@type":"ListItem","position":1,"name":"Startseite","item":"https:\/\/annefilsinger.com\/it\/"},{"@type":"ListItem","position":2,"name":"Sono la fotografa giusta per te quando &#8230;"}]},{"@type":"WebSite","@id":"https:\/\/annefilsinger.com\/it\/#website","url":"https:\/\/annefilsinger.com\/it\/","name":"Anne Filsinger Photography","description":"Pet Photographer","potentialAction":[{"@type":"SearchAction","target":{"@type":"EntryPoint","urlTemplate":"https:\/\/annefilsinger.com\/it\/?s={search_term_string}"},"query-input":{"@type":"PropertyValueSpecification","valueRequired":true,"valueName":"search_term_string"}}],"inLanguage":"it-IT"}]}},"_links":{"self":[{"href":"https:\/\/annefilsinger.com\/it\/wp-json\/wp\/v2\/pages\/31744","targetHints":{"allow":["GET"]}}],"collection":[{"href":"https:\/\/annefilsinger.com\/it\/wp-json\/wp\/v2\/pages"}],"about":[{"href":"https:\/\/annefilsinger.com\/it\/wp-json\/wp\/v2\/types\/page"}],"author":[{"embeddable":true,"href":"https:\/\/annefilsinger.com\/it\/wp-json\/wp\/v2\/users\/2"}],"replies":[{"embeddable":true,"href":"https:\/\/annefilsinger.com\/it\/wp-json\/wp\/v2\/comments?post=31744"}],"version-history":[{"count":9,"href":"https:\/\/annefilsinger.com\/it\/wp-json\/wp\/v2\/pages\/31744\/revisions"}],"predecessor-version":[{"id":31784,"href":"https:\/\/annefilsinger.com\/it\/wp-json\/wp\/v2\/pages\/31744\/revisions\/31784"}],"wp:attachment":[{"href":"https:\/\/annefilsinger.com\/it\/wp-json\/wp\/v2\/media?parent=31744"}],"curies":[{"name":"wp","href":"https:\/\/api.w.org\/{rel}","templated":true}]}}