{"id":31741,"date":"2024-02-10T22:55:07","date_gmt":"2024-02-10T21:55:07","guid":{"rendered":"https:\/\/annefilsinger.com\/scatto-di-cani-o-passeggiata-fotografica-la-mia-offerta\/passeggiata-fotografica-buone-vacanze-in-maremma-con-il-cane\/"},"modified":"2024-06-30T15:29:24","modified_gmt":"2024-06-30T13:29:24","slug":"passeggiata-fotografica-buone-vacanze-in-maremma-con-il-cane","status":"publish","type":"page","link":"https:\/\/annefilsinger.com\/it\/scatto-di-cani-o-passeggiata-fotografica-la-mia-offerta\/passeggiata-fotografica-buone-vacanze-in-maremma-con-il-cane\/","title":{"rendered":"Passeggiata fotografica: Buone vacanze in Maremma con il cane"},"content":{"rendered":"\n<p><strong>Sei in vacanza con il tuo cane in Maremma. Finalmente sei in riva al mare, i borghi medievali con il loro fascino e la vista in lontananza, gli ulivi secolari e la natura ti hanno incantato. Vorresti portare a casa un po&#8217; di tutto questo e allo stesso tempo sperimentare qualcosa di diverso.<\/strong><\/p>\n\n<p>Dann sind das die richtigen Pakete f\u00fcr dich: Etwa zweist\u00fcndige Fotospazierg\u00e4nge nach Absprache.<\/p>\n\n<h2 class=\"wp-block-heading\">Tour del paese<\/h2>\n\n<figure class=\"wp-block-image size-large\"><img loading=\"lazy\" decoding=\"async\" width=\"1200\" height=\"431\" src=\"https:\/\/annefilsinger.com\/wp-content\/uploads\/AFI_0644-PS_1920x689_tiny-1-1200x431.jpg\" alt=\"\" class=\"wp-image-31415\" srcset=\"https:\/\/annefilsinger.com\/wp-content\/uploads\/AFI_0644-PS_1920x689_tiny-1-1200x431.jpg 1200w, https:\/\/annefilsinger.com\/wp-content\/uploads\/AFI_0644-PS_1920x689_tiny-1-600x215.jpg 600w, https:\/\/annefilsinger.com\/wp-content\/uploads\/AFI_0644-PS_1920x689_tiny-1-768x276.jpg 768w, https:\/\/annefilsinger.com\/wp-content\/uploads\/AFI_0644-PS_1920x689_tiny-1-1536x551.jpg 1536w, https:\/\/annefilsinger.com\/wp-content\/uploads\/AFI_0644-PS_1920x689_tiny-1.jpg 1920w\" sizes=\"auto, (max-width: 1200px) 100vw, 1200px\" \/><\/figure>\n\n<p>Ci aggiriamo tra macchia mediterranea, prati e vecchi uliveti. Oltre alle foto di te e del tuo cane, ti mostrer\u00f2 le particolarit\u00e0 del mondo vegetale mediterraneo: fiori e piante selvatiche, frutti e bacche da mangiare, per fare il t\u00e8 e per scopi medicinali. Lungo il percorso imparerai anche a conoscere la cura degli oliveti e la produzione dell&#8217;olio d&#8217;oliva. Se siamo fortunati, possiamo anche trovare tracce di lupi e altri animali o imbatterci in una tartaruga.<\/p>\n\n<h2 class=\"wp-block-heading\">La vita in un villaggio del Medioevo<\/h2>\n\n<figure class=\"wp-block-image size-large\"><img loading=\"lazy\" decoding=\"async\" width=\"1200\" height=\"675\" src=\"https:\/\/annefilsinger.com\/wp-content\/uploads\/AFI_2933-PS_230712_Leinenretusche_16-9_72-1200x675.jpg\" alt=\"\" class=\"wp-image-31350\" srcset=\"https:\/\/annefilsinger.com\/wp-content\/uploads\/AFI_2933-PS_230712_Leinenretusche_16-9_72-1200x675.jpg 1200w, https:\/\/annefilsinger.com\/wp-content\/uploads\/AFI_2933-PS_230712_Leinenretusche_16-9_72-600x338.jpg 600w, https:\/\/annefilsinger.com\/wp-content\/uploads\/AFI_2933-PS_230712_Leinenretusche_16-9_72-768x432.jpg 768w, https:\/\/annefilsinger.com\/wp-content\/uploads\/AFI_2933-PS_230712_Leinenretusche_16-9_72-1536x864.jpg 1536w, https:\/\/annefilsinger.com\/wp-content\/uploads\/AFI_2933-PS_230712_Leinenretusche_16-9_72.jpg 1920w\" sizes=\"auto, (max-width: 1200px) 100vw, 1200px\" \/><\/figure>\n\n<p>Seguendo le orme degli Etruschi, scopriamo insieme uno dei borghi che si adagiano come nidi d&#8217;aquila sulle colline della Maremma. Imparerai a conoscere la storia e a capire cosa significa vivere oggi in questi villaggi medievali. Troviamo posti bellissimi davanti a porte antiche, muri di pietra e scale per mettere in mostra te e il tuo beniamino.<\/p>\n\n<h2 class=\"wp-block-heading\">Splish Splash &#8211; Divertimento in acqua<\/h2>\n\n<figure class=\"wp-block-image size-large\"><img loading=\"lazy\" decoding=\"async\" width=\"1200\" height=\"431\" src=\"https:\/\/annefilsinger.com\/wp-content\/uploads\/IMG_8656_Leinenretusche_tiny-1200x431.jpg\" alt=\"\" class=\"wp-image-31348\" srcset=\"https:\/\/annefilsinger.com\/wp-content\/uploads\/IMG_8656_Leinenretusche_tiny-1200x431.jpg 1200w, https:\/\/annefilsinger.com\/wp-content\/uploads\/IMG_8656_Leinenretusche_tiny-600x215.jpg 600w, https:\/\/annefilsinger.com\/wp-content\/uploads\/IMG_8656_Leinenretusche_tiny-768x276.jpg 768w, https:\/\/annefilsinger.com\/wp-content\/uploads\/IMG_8656_Leinenretusche_tiny-1536x551.jpg 1536w, https:\/\/annefilsinger.com\/wp-content\/uploads\/IMG_8656_Leinenretusche_tiny.jpg 1920w\" sizes=\"auto, (max-width: 1200px) 100vw, 1200px\" \/><\/figure>\n\n<p>Chilometri di spiaggia sabbiosa, salti dagli scogli o romanticherie in riva al fiume: l&#8217;ideale per scatenarsi e scattare splendide foto di te e del tuo cane in azione. Andiamo insieme in posti che non tutti conoscono, abbiamo tempo per nuotare e divertirci.<\/p>\n\n<h3 class=\"wp-block-heading\"><strong>Questo \u00e8 ci\u00f2 che si ottiene durante una passeggiata fotografica con il proprio cane:<\/strong><\/h3>\n\n<div class=\"wp-block-columns has-light-gray-background-color has-background is-layout-flex wp-container-core-columns-is-layout-9d6595d7 wp-block-columns-is-layout-flex\">\n<div class=\"wp-block-column is-layout-flow wp-block-column-is-layout-flow\" style=\"flex-basis:50%\">\n<ul class=\"wp-block-list\">\n<li>Passeggiata fotografica personalizzata su misura per te, la tua famiglia, i tuoi interessi e il tuo cane<\/li>\n\n\n\n<li>Nessun altro partecipante!<\/li>\n\n\n\n<li>Una piccola sorpresa a seconda del luogo che concorderemo<\/li>\n\n\n\n<li>Vivrai una giornata fuori dai sentieri battuti che ti rimarr\u00e0 impressa nella memoria.<\/li>\n\n\n\n<li>Potrai ottenere foto speciali del tuo cane da solo, del tuo cane e di te e delle persone che ti accompagnano.<\/li>\n<\/ul>\n<\/div>\n\n\n\n<div class=\"wp-block-column is-layout-flow wp-block-column-is-layout-flow\" style=\"flex-basis:50%\">\n<ul class=\"wp-block-list\">\n<li>Von etwa 120 Fotos, die ich mache, kannst du dir 25 Bilder aussuchen<\/li>\n\n\n\n<li>5 dieser 25 Fotos bekommst du hochwertig retuschiert<\/li>\n\n\n\n<li>Alle 25 Bilder bekommst du in einer digitalen Datei zum Download.<\/li>\n\n\n\n<li>Luogo da concordare<\/li>\n\n\n\n<li>Durata circa 2-3 ore<\/li>\n<\/ul>\n<\/div>\n<\/div>\n\n<p>Prerequisiti: Nessuno!  <br\/>Vedi anche <strong>\n  <a href=\"https:\/\/annefilsinger.com\/it\/buono-a-sapersi-le-risposte-alle-domande-piu-frequenti\/\">Buono a sapersi<\/a>\n<\/strong><\/p>\n\n<p><strong>Prezzo: 349,- \u20ac<\/strong><\/p>\n\n<p class=\"has-text-align-center has-light-gray-background-color has-background\"><strong>Hai ancora domande? <\/strong><br\/><strong>Chiamami o scrivemi, naturalmente senza impegno! <\/strong><br\/><strong>Qualunque sia la tua scelta, sar\u00f2 lieto di fornirti tutte le informazioni necessarie affinch\u00e9 tu possa prendere la tua decisione in tutta tranquillit\u00e0.<\/strong><\/p>\n\n<div class=\"wp-block-buttons is-content-justification-center is-layout-flex wp-container-core-buttons-is-layout-16018d1d wp-block-buttons-is-layout-flex\">\n<div class=\"wp-block-button has-custom-font-size has-small-font-size\"><a class=\"wp-block-button__link has-background wp-element-button\" href=\"https:\/\/wa.me\/393203150566\" style=\"background-color:#679436\" target=\"_blank\" rel=\"noreferrer noopener\">WhatsApp<\/a><\/div>\n\n\n\n<div class=\"wp-block-button has-custom-font-size has-small-font-size\"><a class=\"wp-block-button__link has-background wp-element-button\" href=\"mailto:contact@annefilsinger.com\" style=\"background-color:#679436\" target=\"_blank\" rel=\"noreferrer noopener\">e-mail<\/a><\/div>\n\n\n\n<div class=\"wp-block-button has-custom-font-size has-small-font-size\"><a class=\"wp-block-button__link has-background wp-element-button\" style=\"background-color:#679436\">T +39 3203150566<\/a><\/div>\n<\/div>\n","protected":false},"excerpt":{"rendered":"<p>Sei in vacanza con il tuo cane in Maremma. Finalmente sei in riva al mare, i borghi medievali con il loro fascino e la vista in lontananza, gli ulivi secolari e la natura ti hanno incantato. Vorresti portare a casa un po&#8217; di tutto questo &hellip; <a href=\"https:\/\/annefilsinger.com\/it\/scatto-di-cani-o-passeggiata-fotografica-la-mia-offerta\/passeggiata-fotografica-buone-vacanze-in-maremma-con-il-cane\/\" class=\"more-link\"><span>Continue reading<span class=\"screen-reader-text\">Passeggiata fotografica: Buone vacanze in Maremma con il cane<\/span><\/span><\/a><\/p>\n","protected":false},"author":2,"featured_media":0,"parent":31738,"menu_order":0,"comment_status":"closed","ping_status":"closed","template":"templates\/right-sidebar.php","meta":{"footnotes":""},"class_list":["post-31741","page","type-page","status-publish","hentry"],"yoast_head":"<!-- This site is optimized with the Yoast SEO plugin v26.9 - https:\/\/yoast.com\/product\/yoast-seo-wordpress\/ -->\n<title>Passeggiata fotografica: Buone vacanze in Maremma con il cane - Anne Filsinger Photography<\/title>\n<meta name=\"description\" content=\"Vacanze con il cane in Maremma. Non ti limiterai a portare a casa delle foto speciali di cani come ricordo di una straordinaria passeggiata fotografica con il tuo cane.\" \/>\n<meta name=\"robots\" content=\"index, follow, max-snippet:-1, max-image-preview:large, max-video-preview:-1\" \/>\n<link rel=\"canonical\" href=\"https:\/\/annefilsinger.com\/it\/scatto-di-cani-o-passeggiata-fotografica-la-mia-offerta\/passeggiata-fotografica-buone-vacanze-in-maremma-con-il-cane\/\" \/>\n<meta property=\"og:locale\" content=\"it_IT\" \/>\n<meta property=\"og:type\" content=\"article\" \/>\n<meta property=\"og:title\" content=\"Passeggiata fotografica: Buone vacanze in Maremma con il cane - Anne Filsinger Photography\" \/>\n<meta property=\"og:description\" content=\"Vacanze con il cane in Maremma. Non ti limiterai a portare a casa delle foto speciali di cani come ricordo di una straordinaria passeggiata fotografica con il tuo cane.\" \/>\n<meta property=\"og:url\" content=\"https:\/\/annefilsinger.com\/it\/scatto-di-cani-o-passeggiata-fotografica-la-mia-offerta\/passeggiata-fotografica-buone-vacanze-in-maremma-con-il-cane\/\" \/>\n<meta property=\"og:site_name\" content=\"Anne Filsinger Photography\" \/>\n<meta property=\"article:modified_time\" content=\"2024-06-30T13:29:24+00:00\" \/>\n<meta property=\"og:image\" content=\"https:\/\/annefilsinger.com\/wp-content\/uploads\/AFI_1841-PS_230603_Leinenretusche_1148x547472.jpg\" \/>\n\t<meta property=\"og:image:width\" content=\"1148\" \/>\n\t<meta property=\"og:image:height\" content=\"574\" \/>\n\t<meta property=\"og:image:type\" content=\"image\/jpeg\" \/>\n<meta name=\"twitter:card\" content=\"summary_large_image\" \/>\n<meta name=\"twitter:label1\" content=\"Tempo di lettura stimato\" \/>\n\t<meta name=\"twitter:data1\" content=\"4 minuti\" \/>\n<script type=\"application\/ld+json\" class=\"yoast-schema-graph\">{\"@context\":\"https:\/\/schema.org\",\"@graph\":[{\"@type\":\"WebPage\",\"@id\":\"https:\/\/annefilsinger.com\/it\/scatto-di-cani-o-passeggiata-fotografica-la-mia-offerta\/passeggiata-fotografica-buone-vacanze-in-maremma-con-il-cane\/\",\"url\":\"https:\/\/annefilsinger.com\/it\/scatto-di-cani-o-passeggiata-fotografica-la-mia-offerta\/passeggiata-fotografica-buone-vacanze-in-maremma-con-il-cane\/\",\"name\":\"Passeggiata fotografica: Buone vacanze in Maremma con il cane - Anne Filsinger Photography\",\"isPartOf\":{\"@id\":\"https:\/\/annefilsinger.com\/it\/#website\"},\"primaryImageOfPage\":{\"@id\":\"https:\/\/annefilsinger.com\/it\/scatto-di-cani-o-passeggiata-fotografica-la-mia-offerta\/passeggiata-fotografica-buone-vacanze-in-maremma-con-il-cane\/#primaryimage\"},\"image\":{\"@id\":\"https:\/\/annefilsinger.com\/it\/scatto-di-cani-o-passeggiata-fotografica-la-mia-offerta\/passeggiata-fotografica-buone-vacanze-in-maremma-con-il-cane\/#primaryimage\"},\"thumbnailUrl\":\"https:\/\/annefilsinger.com\/wp-content\/uploads\/AFI_0644-PS_1920x689_tiny-1-1200x431.jpg\",\"datePublished\":\"2024-02-10T21:55:07+00:00\",\"dateModified\":\"2024-06-30T13:29:24+00:00\",\"description\":\"Vacanze con il cane in Maremma. Non ti limiterai a portare a casa delle foto speciali di cani come ricordo di una straordinaria passeggiata fotografica con il tuo cane.\",\"breadcrumb\":{\"@id\":\"https:\/\/annefilsinger.com\/it\/scatto-di-cani-o-passeggiata-fotografica-la-mia-offerta\/passeggiata-fotografica-buone-vacanze-in-maremma-con-il-cane\/#breadcrumb\"},\"inLanguage\":\"it-IT\",\"potentialAction\":[{\"@type\":\"ReadAction\",\"target\":[\"https:\/\/annefilsinger.com\/it\/scatto-di-cani-o-passeggiata-fotografica-la-mia-offerta\/passeggiata-fotografica-buone-vacanze-in-maremma-con-il-cane\/\"]}]},{\"@type\":\"ImageObject\",\"inLanguage\":\"it-IT\",\"@id\":\"https:\/\/annefilsinger.com\/it\/scatto-di-cani-o-passeggiata-fotografica-la-mia-offerta\/passeggiata-fotografica-buone-vacanze-in-maremma-con-il-cane\/#primaryimage\",\"url\":\"https:\/\/annefilsinger.com\/wp-content\/uploads\/AFI_0644-PS_1920x689_tiny-1-1200x431.jpg\",\"contentUrl\":\"https:\/\/annefilsinger.com\/wp-content\/uploads\/AFI_0644-PS_1920x689_tiny-1-1200x431.jpg\"},{\"@type\":\"BreadcrumbList\",\"@id\":\"https:\/\/annefilsinger.com\/it\/scatto-di-cani-o-passeggiata-fotografica-la-mia-offerta\/passeggiata-fotografica-buone-vacanze-in-maremma-con-il-cane\/#breadcrumb\",\"itemListElement\":[{\"@type\":\"ListItem\",\"position\":1,\"name\":\"Startseite\",\"item\":\"https:\/\/annefilsinger.com\/it\/\"},{\"@type\":\"ListItem\",\"position\":2,\"name\":\"Le mie offerte\",\"item\":\"https:\/\/annefilsinger.com\/it\/scatto-di-cani-o-passeggiata-fotografica-la-mia-offerta\/\"},{\"@type\":\"ListItem\",\"position\":3,\"name\":\"Passeggiata fotografica: Buone vacanze in Maremma con il cane\"}]},{\"@type\":\"WebSite\",\"@id\":\"https:\/\/annefilsinger.com\/it\/#website\",\"url\":\"https:\/\/annefilsinger.com\/it\/\",\"name\":\"Anne Filsinger Photography\",\"description\":\"Pet Photographer\",\"potentialAction\":[{\"@type\":\"SearchAction\",\"target\":{\"@type\":\"EntryPoint\",\"urlTemplate\":\"https:\/\/annefilsinger.com\/it\/?s={search_term_string}\"},\"query-input\":{\"@type\":\"PropertyValueSpecification\",\"valueRequired\":true,\"valueName\":\"search_term_string\"}}],\"inLanguage\":\"it-IT\"}]}<\/script>\n<!-- \/ Yoast SEO plugin. -->","yoast_head_json":{"title":"Passeggiata fotografica: Buone vacanze in Maremma con il cane - Anne Filsinger Photography","description":"Vacanze con il cane in Maremma. Non ti limiterai a portare a casa delle foto speciali di cani come ricordo di una straordinaria passeggiata fotografica con il tuo cane.","robots":{"index":"index","follow":"follow","max-snippet":"max-snippet:-1","max-image-preview":"max-image-preview:large","max-video-preview":"max-video-preview:-1"},"canonical":"https:\/\/annefilsinger.com\/it\/scatto-di-cani-o-passeggiata-fotografica-la-mia-offerta\/passeggiata-fotografica-buone-vacanze-in-maremma-con-il-cane\/","og_locale":"it_IT","og_type":"article","og_title":"Passeggiata fotografica: Buone vacanze in Maremma con il cane - Anne Filsinger Photography","og_description":"Vacanze con il cane in Maremma. Non ti limiterai a portare a casa delle foto speciali di cani come ricordo di una straordinaria passeggiata fotografica con il tuo cane.","og_url":"https:\/\/annefilsinger.com\/it\/scatto-di-cani-o-passeggiata-fotografica-la-mia-offerta\/passeggiata-fotografica-buone-vacanze-in-maremma-con-il-cane\/","og_site_name":"Anne Filsinger Photography","article_modified_time":"2024-06-30T13:29:24+00:00","og_image":[{"width":1148,"height":574,"url":"https:\/\/annefilsinger.com\/wp-content\/uploads\/AFI_1841-PS_230603_Leinenretusche_1148x547472.jpg","type":"image\/jpeg"}],"twitter_card":"summary_large_image","twitter_misc":{"Tempo di lettura stimato":"4 minuti"},"schema":{"@context":"https:\/\/schema.org","@graph":[{"@type":"WebPage","@id":"https:\/\/annefilsinger.com\/it\/scatto-di-cani-o-passeggiata-fotografica-la-mia-offerta\/passeggiata-fotografica-buone-vacanze-in-maremma-con-il-cane\/","url":"https:\/\/annefilsinger.com\/it\/scatto-di-cani-o-passeggiata-fotografica-la-mia-offerta\/passeggiata-fotografica-buone-vacanze-in-maremma-con-il-cane\/","name":"Passeggiata fotografica: Buone vacanze in Maremma con il cane - Anne Filsinger Photography","isPartOf":{"@id":"https:\/\/annefilsinger.com\/it\/#website"},"primaryImageOfPage":{"@id":"https:\/\/annefilsinger.com\/it\/scatto-di-cani-o-passeggiata-fotografica-la-mia-offerta\/passeggiata-fotografica-buone-vacanze-in-maremma-con-il-cane\/#primaryimage"},"image":{"@id":"https:\/\/annefilsinger.com\/it\/scatto-di-cani-o-passeggiata-fotografica-la-mia-offerta\/passeggiata-fotografica-buone-vacanze-in-maremma-con-il-cane\/#primaryimage"},"thumbnailUrl":"https:\/\/annefilsinger.com\/wp-content\/uploads\/AFI_0644-PS_1920x689_tiny-1-1200x431.jpg","datePublished":"2024-02-10T21:55:07+00:00","dateModified":"2024-06-30T13:29:24+00:00","description":"Vacanze con il cane in Maremma. Non ti limiterai a portare a casa delle foto speciali di cani come ricordo di una straordinaria passeggiata fotografica con il tuo cane.","breadcrumb":{"@id":"https:\/\/annefilsinger.com\/it\/scatto-di-cani-o-passeggiata-fotografica-la-mia-offerta\/passeggiata-fotografica-buone-vacanze-in-maremma-con-il-cane\/#breadcrumb"},"inLanguage":"it-IT","potentialAction":[{"@type":"ReadAction","target":["https:\/\/annefilsinger.com\/it\/scatto-di-cani-o-passeggiata-fotografica-la-mia-offerta\/passeggiata-fotografica-buone-vacanze-in-maremma-con-il-cane\/"]}]},{"@type":"ImageObject","inLanguage":"it-IT","@id":"https:\/\/annefilsinger.com\/it\/scatto-di-cani-o-passeggiata-fotografica-la-mia-offerta\/passeggiata-fotografica-buone-vacanze-in-maremma-con-il-cane\/#primaryimage","url":"https:\/\/annefilsinger.com\/wp-content\/uploads\/AFI_0644-PS_1920x689_tiny-1-1200x431.jpg","contentUrl":"https:\/\/annefilsinger.com\/wp-content\/uploads\/AFI_0644-PS_1920x689_tiny-1-1200x431.jpg"},{"@type":"BreadcrumbList","@id":"https:\/\/annefilsinger.com\/it\/scatto-di-cani-o-passeggiata-fotografica-la-mia-offerta\/passeggiata-fotografica-buone-vacanze-in-maremma-con-il-cane\/#breadcrumb","itemListElement":[{"@type":"ListItem","position":1,"name":"Startseite","item":"https:\/\/annefilsinger.com\/it\/"},{"@type":"ListItem","position":2,"name":"Le mie offerte","item":"https:\/\/annefilsinger.com\/it\/scatto-di-cani-o-passeggiata-fotografica-la-mia-offerta\/"},{"@type":"ListItem","position":3,"name":"Passeggiata fotografica: Buone vacanze in Maremma con il cane"}]},{"@type":"WebSite","@id":"https:\/\/annefilsinger.com\/it\/#website","url":"https:\/\/annefilsinger.com\/it\/","name":"Anne Filsinger Photography","description":"Pet Photographer","potentialAction":[{"@type":"SearchAction","target":{"@type":"EntryPoint","urlTemplate":"https:\/\/annefilsinger.com\/it\/?s={search_term_string}"},"query-input":{"@type":"PropertyValueSpecification","valueRequired":true,"valueName":"search_term_string"}}],"inLanguage":"it-IT"}]}},"_links":{"self":[{"href":"https:\/\/annefilsinger.com\/it\/wp-json\/wp\/v2\/pages\/31741","targetHints":{"allow":["GET"]}}],"collection":[{"href":"https:\/\/annefilsinger.com\/it\/wp-json\/wp\/v2\/pages"}],"about":[{"href":"https:\/\/annefilsinger.com\/it\/wp-json\/wp\/v2\/types\/page"}],"author":[{"embeddable":true,"href":"https:\/\/annefilsinger.com\/it\/wp-json\/wp\/v2\/users\/2"}],"replies":[{"embeddable":true,"href":"https:\/\/annefilsinger.com\/it\/wp-json\/wp\/v2\/comments?post=31741"}],"version-history":[{"count":8,"href":"https:\/\/annefilsinger.com\/it\/wp-json\/wp\/v2\/pages\/31741\/revisions"}],"predecessor-version":[{"id":31855,"href":"https:\/\/annefilsinger.com\/it\/wp-json\/wp\/v2\/pages\/31741\/revisions\/31855"}],"up":[{"embeddable":true,"href":"https:\/\/annefilsinger.com\/it\/wp-json\/wp\/v2\/pages\/31738"}],"wp:attachment":[{"href":"https:\/\/annefilsinger.com\/it\/wp-json\/wp\/v2\/media?parent=31741"}],"curies":[{"name":"wp","href":"https:\/\/api.w.org\/{rel}","templated":true}]}}