{"id":31735,"date":"2024-02-10T23:33:05","date_gmt":"2024-02-10T22:33:05","guid":{"rendered":"https:\/\/annefilsinger.com\/buoni-per-le-riprese-dei-cani\/"},"modified":"2024-03-22T14:41:20","modified_gmt":"2024-03-22T13:41:20","slug":"buoni-per-le-riprese-dei-cani","status":"publish","type":"page","link":"https:\/\/annefilsinger.com\/it\/buoni-per-le-riprese-dei-cani\/","title":{"rendered":"Buoni per le riprese dei cani"},"content":{"rendered":"<p><!-- Google tag (gtag.js) --><\/p>\n<h3 class=\"wp-block-heading\">Regalo trovato!<\/h3>\n\n<p>Vuoi rendere felice una persona che ti sta a cuore e sei alla ricerca di un regalo insolito? Puoi anche acquistare dei voucher per tutti i miei pacchetti.  <\/p>\n\n<p>Le personalizzer\u00f2 per te! Se ti piace! Tutto ci\u00f2 che serve \u00e8 una foto del cane o della persona a cui vuoi fare il regalo.<\/p>\n\n<p>Riceverai il voucher in formato digitale da stampare dopo aver ricevuto il pagamento. Tutti i voucher sono validi per un anno.  <\/p>\n\n<p class=\"has-text-align-center has-light-gray-background-color has-background\"><strong>Hai ancora delle domande? Oppure non riesci a trovare il pacchetto giusto?  <\/strong><br\/><strong>Chiamatemi o scrivetemi, naturalmente senza impegno!  <\/strong><br\/><strong>Qualunque sia la tua scelta, sar\u00f2 lieto di fornirti tutte le informazioni necessarie affinch\u00e9 tu possa prendere la tua decisione in tutta tranquillit\u00e0.<\/strong><\/p>\n\n<div class=\"wp-block-buttons is-content-justification-center is-layout-flex wp-container-core-buttons-is-layout-16018d1d wp-block-buttons-is-layout-flex\">\n<div class=\"wp-block-button has-custom-font-size has-small-font-size\"><a class=\"wp-block-button__link has-background wp-element-button\" href=\"https:\/\/wa.me\/393203150566\" style=\"background-color:#679436\" target=\"_blank\" rel=\"noreferrer noopener\">WhatsApp<\/a><\/div>\n\n\n\n<div class=\"wp-block-button has-custom-font-size has-small-font-size\"><a class=\"wp-block-button__link has-background wp-element-button\" href=\"mailto:contact@annefilsinger.com\" style=\"background-color:#679436\" target=\"_blank\" rel=\"noreferrer noopener\">e-mail<\/a><\/div>\n\n\n\n<div class=\"wp-block-button has-custom-font-size has-small-font-size\"><a class=\"wp-block-button__link has-background wp-element-button\" style=\"background-color:#679436\">T +39 3203150566<\/a><\/div>\n<\/div>\n","protected":false},"excerpt":{"rendered":"<p>Regalo trovato! Vuoi rendere felice una persona che ti sta a cuore e sei alla ricerca di un regalo insolito? Puoi anche acquistare dei voucher per tutti i miei pacchetti. Le personalizzer\u00f2 per te! Se ti piace! Tutto ci\u00f2 che serve \u00e8 una foto del &hellip; <a href=\"https:\/\/annefilsinger.com\/it\/buoni-per-le-riprese-dei-cani\/\" class=\"more-link\"><span>Continue reading<span class=\"screen-reader-text\">Buoni per le riprese dei cani<\/span><\/span><\/a><\/p>\n","protected":false},"author":2,"featured_media":31685,"parent":0,"menu_order":0,"comment_status":"closed","ping_status":"closed","template":"templates\/right-sidebar.php","meta":{"footnotes":""},"class_list":["post-31735","page","type-page","status-publish","has-post-thumbnail","hentry"],"yoast_head":"<!-- This site is optimized with the Yoast SEO plugin v26.9 - https:\/\/yoast.com\/product\/yoast-seo-wordpress\/ -->\n<title>Buoni per le riprese dei cani - Anne Filsinger Photography<\/title>\n<meta name=\"description\" content=\"Vuoi rendere felice qualcuno e stai cercando un regalo? Puoi anche ricevere da me dei voucher per servizi fotografici per cani o passeggiate fotografiche.\" \/>\n<meta name=\"robots\" content=\"index, follow, max-snippet:-1, max-image-preview:large, max-video-preview:-1\" \/>\n<link rel=\"canonical\" href=\"https:\/\/annefilsinger.com\/it\/buoni-per-le-riprese-dei-cani\/\" \/>\n<meta property=\"og:locale\" content=\"it_IT\" \/>\n<meta property=\"og:type\" content=\"article\" \/>\n<meta property=\"og:title\" content=\"Buoni per le riprese dei cani - Anne Filsinger Photography\" \/>\n<meta property=\"og:description\" content=\"Vuoi rendere felice qualcuno e stai cercando un regalo? Puoi anche ricevere da me dei voucher per servizi fotografici per cani o passeggiate fotografiche.\" \/>\n<meta property=\"og:url\" content=\"https:\/\/annefilsinger.com\/it\/buoni-per-le-riprese-dei-cani\/\" \/>\n<meta property=\"og:site_name\" content=\"Anne Filsinger Photography\" \/>\n<meta property=\"article:modified_time\" content=\"2024-03-22T13:41:20+00:00\" \/>\n<meta property=\"og:image\" content=\"https:\/\/annefilsinger.com\/wp-content\/uploads\/AFI_0626_1148x57472_tiny.jpg\" \/>\n\t<meta property=\"og:image:width\" content=\"1156\" \/>\n\t<meta property=\"og:image:height\" content=\"574\" \/>\n\t<meta property=\"og:image:type\" content=\"image\/jpeg\" \/>\n<meta name=\"twitter:card\" content=\"summary_large_image\" \/>\n<meta name=\"twitter:label1\" content=\"Tempo di lettura stimato\" \/>\n\t<meta name=\"twitter:data1\" content=\"1 minuto\" \/>\n<script type=\"application\/ld+json\" class=\"yoast-schema-graph\">{\"@context\":\"https:\/\/schema.org\",\"@graph\":[{\"@type\":\"WebPage\",\"@id\":\"https:\/\/annefilsinger.com\/it\/buoni-per-le-riprese-dei-cani\/\",\"url\":\"https:\/\/annefilsinger.com\/it\/buoni-per-le-riprese-dei-cani\/\",\"name\":\"Buoni per le riprese dei cani - Anne Filsinger Photography\",\"isPartOf\":{\"@id\":\"https:\/\/annefilsinger.com\/it\/#website\"},\"primaryImageOfPage\":{\"@id\":\"https:\/\/annefilsinger.com\/it\/buoni-per-le-riprese-dei-cani\/#primaryimage\"},\"image\":{\"@id\":\"https:\/\/annefilsinger.com\/it\/buoni-per-le-riprese-dei-cani\/#primaryimage\"},\"thumbnailUrl\":\"https:\/\/annefilsinger.com\/wp-content\/uploads\/AFI_0626_1148x57472_tiny.jpg\",\"datePublished\":\"2024-02-10T22:33:05+00:00\",\"dateModified\":\"2024-03-22T13:41:20+00:00\",\"description\":\"Vuoi rendere felice qualcuno e stai cercando un regalo? Puoi anche ricevere da me dei voucher per servizi fotografici per cani o passeggiate fotografiche.\",\"breadcrumb\":{\"@id\":\"https:\/\/annefilsinger.com\/it\/buoni-per-le-riprese-dei-cani\/#breadcrumb\"},\"inLanguage\":\"it-IT\",\"potentialAction\":[{\"@type\":\"ReadAction\",\"target\":[\"https:\/\/annefilsinger.com\/it\/buoni-per-le-riprese-dei-cani\/\"]}]},{\"@type\":\"ImageObject\",\"inLanguage\":\"it-IT\",\"@id\":\"https:\/\/annefilsinger.com\/it\/buoni-per-le-riprese-dei-cani\/#primaryimage\",\"url\":\"https:\/\/annefilsinger.com\/wp-content\/uploads\/AFI_0626_1148x57472_tiny.jpg\",\"contentUrl\":\"https:\/\/annefilsinger.com\/wp-content\/uploads\/AFI_0626_1148x57472_tiny.jpg\",\"width\":1156,\"height\":574},{\"@type\":\"BreadcrumbList\",\"@id\":\"https:\/\/annefilsinger.com\/it\/buoni-per-le-riprese-dei-cani\/#breadcrumb\",\"itemListElement\":[{\"@type\":\"ListItem\",\"position\":1,\"name\":\"Startseite\",\"item\":\"https:\/\/annefilsinger.com\/it\/\"},{\"@type\":\"ListItem\",\"position\":2,\"name\":\"Buoni per le riprese dei cani\"}]},{\"@type\":\"WebSite\",\"@id\":\"https:\/\/annefilsinger.com\/it\/#website\",\"url\":\"https:\/\/annefilsinger.com\/it\/\",\"name\":\"Anne Filsinger Photography\",\"description\":\"Pet Photographer\",\"potentialAction\":[{\"@type\":\"SearchAction\",\"target\":{\"@type\":\"EntryPoint\",\"urlTemplate\":\"https:\/\/annefilsinger.com\/it\/?s={search_term_string}\"},\"query-input\":{\"@type\":\"PropertyValueSpecification\",\"valueRequired\":true,\"valueName\":\"search_term_string\"}}],\"inLanguage\":\"it-IT\"}]}<\/script>\n<!-- \/ Yoast SEO plugin. -->","yoast_head_json":{"title":"Buoni per le riprese dei cani - Anne Filsinger Photography","description":"Vuoi rendere felice qualcuno e stai cercando un regalo? Puoi anche ricevere da me dei voucher per servizi fotografici per cani o passeggiate fotografiche.","robots":{"index":"index","follow":"follow","max-snippet":"max-snippet:-1","max-image-preview":"max-image-preview:large","max-video-preview":"max-video-preview:-1"},"canonical":"https:\/\/annefilsinger.com\/it\/buoni-per-le-riprese-dei-cani\/","og_locale":"it_IT","og_type":"article","og_title":"Buoni per le riprese dei cani - Anne Filsinger Photography","og_description":"Vuoi rendere felice qualcuno e stai cercando un regalo? Puoi anche ricevere da me dei voucher per servizi fotografici per cani o passeggiate fotografiche.","og_url":"https:\/\/annefilsinger.com\/it\/buoni-per-le-riprese-dei-cani\/","og_site_name":"Anne Filsinger Photography","article_modified_time":"2024-03-22T13:41:20+00:00","og_image":[{"width":1156,"height":574,"url":"https:\/\/annefilsinger.com\/wp-content\/uploads\/AFI_0626_1148x57472_tiny.jpg","type":"image\/jpeg"}],"twitter_card":"summary_large_image","twitter_misc":{"Tempo di lettura stimato":"1 minuto"},"schema":{"@context":"https:\/\/schema.org","@graph":[{"@type":"WebPage","@id":"https:\/\/annefilsinger.com\/it\/buoni-per-le-riprese-dei-cani\/","url":"https:\/\/annefilsinger.com\/it\/buoni-per-le-riprese-dei-cani\/","name":"Buoni per le riprese dei cani - Anne Filsinger Photography","isPartOf":{"@id":"https:\/\/annefilsinger.com\/it\/#website"},"primaryImageOfPage":{"@id":"https:\/\/annefilsinger.com\/it\/buoni-per-le-riprese-dei-cani\/#primaryimage"},"image":{"@id":"https:\/\/annefilsinger.com\/it\/buoni-per-le-riprese-dei-cani\/#primaryimage"},"thumbnailUrl":"https:\/\/annefilsinger.com\/wp-content\/uploads\/AFI_0626_1148x57472_tiny.jpg","datePublished":"2024-02-10T22:33:05+00:00","dateModified":"2024-03-22T13:41:20+00:00","description":"Vuoi rendere felice qualcuno e stai cercando un regalo? Puoi anche ricevere da me dei voucher per servizi fotografici per cani o passeggiate fotografiche.","breadcrumb":{"@id":"https:\/\/annefilsinger.com\/it\/buoni-per-le-riprese-dei-cani\/#breadcrumb"},"inLanguage":"it-IT","potentialAction":[{"@type":"ReadAction","target":["https:\/\/annefilsinger.com\/it\/buoni-per-le-riprese-dei-cani\/"]}]},{"@type":"ImageObject","inLanguage":"it-IT","@id":"https:\/\/annefilsinger.com\/it\/buoni-per-le-riprese-dei-cani\/#primaryimage","url":"https:\/\/annefilsinger.com\/wp-content\/uploads\/AFI_0626_1148x57472_tiny.jpg","contentUrl":"https:\/\/annefilsinger.com\/wp-content\/uploads\/AFI_0626_1148x57472_tiny.jpg","width":1156,"height":574},{"@type":"BreadcrumbList","@id":"https:\/\/annefilsinger.com\/it\/buoni-per-le-riprese-dei-cani\/#breadcrumb","itemListElement":[{"@type":"ListItem","position":1,"name":"Startseite","item":"https:\/\/annefilsinger.com\/it\/"},{"@type":"ListItem","position":2,"name":"Buoni per le riprese dei cani"}]},{"@type":"WebSite","@id":"https:\/\/annefilsinger.com\/it\/#website","url":"https:\/\/annefilsinger.com\/it\/","name":"Anne Filsinger Photography","description":"Pet Photographer","potentialAction":[{"@type":"SearchAction","target":{"@type":"EntryPoint","urlTemplate":"https:\/\/annefilsinger.com\/it\/?s={search_term_string}"},"query-input":{"@type":"PropertyValueSpecification","valueRequired":true,"valueName":"search_term_string"}}],"inLanguage":"it-IT"}]}},"_links":{"self":[{"href":"https:\/\/annefilsinger.com\/it\/wp-json\/wp\/v2\/pages\/31735","targetHints":{"allow":["GET"]}}],"collection":[{"href":"https:\/\/annefilsinger.com\/it\/wp-json\/wp\/v2\/pages"}],"about":[{"href":"https:\/\/annefilsinger.com\/it\/wp-json\/wp\/v2\/types\/page"}],"author":[{"embeddable":true,"href":"https:\/\/annefilsinger.com\/it\/wp-json\/wp\/v2\/users\/2"}],"replies":[{"embeddable":true,"href":"https:\/\/annefilsinger.com\/it\/wp-json\/wp\/v2\/comments?post=31735"}],"version-history":[{"count":1,"href":"https:\/\/annefilsinger.com\/it\/wp-json\/wp\/v2\/pages\/31735\/revisions"}],"predecessor-version":[{"id":31737,"href":"https:\/\/annefilsinger.com\/it\/wp-json\/wp\/v2\/pages\/31735\/revisions\/31737"}],"wp:featuredmedia":[{"embeddable":true,"href":"https:\/\/annefilsinger.com\/it\/wp-json\/wp\/v2\/media\/31685"}],"wp:attachment":[{"href":"https:\/\/annefilsinger.com\/it\/wp-json\/wp\/v2\/media?parent=31735"}],"curies":[{"name":"wp","href":"https:\/\/api.w.org\/{rel}","templated":true}]}}