{"id":31727,"date":"2024-02-07T19:56:17","date_gmt":"2024-02-07T18:56:17","guid":{"rendered":"https:\/\/annefilsinger.com\/procedura-per-la-ripresa-del-cane\/"},"modified":"2025-11-18T21:03:34","modified_gmt":"2025-11-18T20:03:34","slug":"procedura-per-la-ripresa-del-cane","status":"publish","type":"page","link":"https:\/\/annefilsinger.com\/it\/procedura-per-la-ripresa-del-cane\/","title":{"rendered":"Procedura per la ripresa del cane"},"content":{"rendered":"\n<h2 class=\"wp-block-heading\">La preparazione<\/h2>\n\n\n\n<p class=\"has-text-align-center has-light-gray-background-color has-background\"><strong>&#8220;Due cose sono particolarmente importanti per me:  <\/strong><br><strong>i tuoi desideri e il benessere del tuo cane!  <\/strong><br><strong>Ecco perch\u00e9 la preparazione per le riprese \u00e8 cos\u00ec importante&#8221;.<\/strong><\/p>\n\n\n\n<p>Se hai deciso di realizzare un servizio fotografico per cani, faremo una discussione preliminare per telefono o in videochiamata. Mi piacerebbe sapere qualcosa sul tuo cane, ad esempio quanti anni ha, se conosce la citt\u00e0 o piuttosto la campagna, come si comporta con le distrazioni e gli altri cani&#8230;<\/p>\n\n\n\n<p>Decideremo insieme dove incontrarci e dove ti sentirai a tuo agio.<\/p>\n\n\n\n<p><strong>Se<\/strong> <strong>hai <strong>gi\u00e0 delle idee concrete sulle foto del cane che desideri<\/strong><\/strong>, <strong>dovremmo parlarne in anticipo <\/strong>.  <\/p>\n\n\n\n<h2 class=\"wp-block-heading\">Il servizio fotografico con il tuo cane<\/h2>\n\n\n\n<p>Durante una breve passeggiata ci conosciamo un po&#8217; tutti e forse emergono i primi motivi.<\/p>\n\n\n\n<p>Il tempo di ripresa che indico nei miei pacchetti \u00e8 indicativo. Puoi essere certo che quando ci fermeremo, avremo delle bellissime foto. La sicurezza del tuo animale e il suo benessere durante le riprese sono sempre la nostra priorit\u00e0!<\/p>\n\n\n\n<p>Se piove, rimanderemo le riprese. Qualche nuvola non ha importanza, anzi. In estate ci incontriamo al mattino presto o nel tardo pomeriggio, in modo che non faccia troppo caldo per gli animali. \u00c8 anche il momento in cui la luce \u00e8 pi\u00f9 bella.<\/p>\n\n\n\n<h2 class=\"wp-block-heading\">La selezione dell&#8217;immagine<\/h2>\n\n\n\n<p>Dopo le riprese far\u00f2 una preselezione di massima. Poi guarderemo le foto insieme, anche in videochiamata. Seleziona i tuoi preferiti e decidi quali immagini vuoi che io elabori ulteriormente.<\/p>\n\n\n\n<p>Riceverai un link per scaricare le foto finite.<\/p>\n\n\n\n<p>Se desideri un fotolibro, una stampa o qualcosa di simile, sar\u00f2 felice di farti un&#8217;offerta.<\/p>\n\n\n\n<p class=\"has-text-align-center has-light-gray-background-color has-background\"><strong>Puoi trovare altre risposte alle domande pi\u00f9 frequenti <a href=\"https:\/\/annefilsinger.com\/it\/?page_id=31696\">QUI<\/a>.  <\/strong><br><strong>Naturalmente, sei libero di chiamarmi o scrivermi senza alcun impegno. In ogno caso, sono lieto di rispondere a tutte le tue domande in modo che tu possa prendere la tua decisione in tutta tranquillit\u00e0.<\/strong><\/p>\n\n\n\n<p><\/p>\n\n\n\n<div class=\"wp-block-buttons is-content-justification-center is-layout-flex wp-container-core-buttons-is-layout-16018d1d wp-block-buttons-is-layout-flex\">\n<div class=\"wp-block-button has-custom-font-size has-small-font-size\"><a class=\"wp-block-button__link has-background wp-element-button\" href=\"https:\/\/wa.me\/393203150566\" style=\"background-color:#1a659e\" target=\"_blank\" rel=\"noreferrer noopener\">WhatsApp<\/a><\/div>\n\n\n\n<div class=\"wp-block-button has-custom-font-size has-small-font-size\"><a class=\"wp-block-button__link has-background wp-element-button\" href=\"mailto:contact@annefilsinger.com\" style=\"background-color:#1a659e\" target=\"_blank\" rel=\"noreferrer noopener\">e-mail<\/a><\/div>\n\n\n\n<div class=\"wp-block-button has-custom-font-size has-small-font-size\"><a class=\"wp-block-button__link has-background wp-element-button\" style=\"background-color:#1a659e\">T +39 3203150566<\/a><\/div>\n<\/div>\n","protected":false},"excerpt":{"rendered":"<p>La preparazione &#8220;Due cose sono particolarmente importanti per me: i tuoi desideri e il benessere del tuo cane! Ecco perch\u00e9 la preparazione per le riprese \u00e8 cos\u00ec importante&#8221;. Se hai deciso di realizzare un servizio fotografico per cani, faremo una discussione preliminare per telefono o &hellip; <a href=\"https:\/\/annefilsinger.com\/it\/procedura-per-la-ripresa-del-cane\/\" class=\"more-link\"><span>Continue reading<span class=\"screen-reader-text\">Procedura per la ripresa del cane<\/span><\/span><\/a><\/p>\n","protected":false},"author":2,"featured_media":31632,"parent":0,"menu_order":0,"comment_status":"closed","ping_status":"closed","template":"templates\/no-sidebar.php","meta":{"footnotes":""},"class_list":["post-31727","page","type-page","status-publish","has-post-thumbnail","hentry"],"yoast_head":"<!-- This site is optimized with the Yoast SEO plugin v26.9 - https:\/\/yoast.com\/product\/yoast-seo-wordpress\/ -->\n<title>Procedura per la ripresa del cane - Anne Filsinger Photography<\/title>\n<meta name=\"description\" content=\"Due cose sono particolarmente importanti per me durante un servizio fotografico per cani: i tuoi desideri e il benessere del tuo cane! Ecco perch\u00e9 la preparazione del nostro servizio fotografico \u00e8 cos\u00ec importante.\" \/>\n<meta name=\"robots\" content=\"index, follow, max-snippet:-1, max-image-preview:large, max-video-preview:-1\" \/>\n<link rel=\"canonical\" href=\"https:\/\/annefilsinger.com\/it\/procedura-per-la-ripresa-del-cane\/\" \/>\n<meta property=\"og:locale\" content=\"it_IT\" \/>\n<meta property=\"og:type\" content=\"article\" \/>\n<meta property=\"og:title\" content=\"Procedura per la ripresa del cane - Anne Filsinger Photography\" \/>\n<meta property=\"og:description\" content=\"Due cose sono particolarmente importanti per me durante un servizio fotografico per cani: i tuoi desideri e il benessere del tuo cane! Ecco perch\u00e9 la preparazione del nostro servizio fotografico \u00e8 cos\u00ec importante.\" \/>\n<meta property=\"og:url\" content=\"https:\/\/annefilsinger.com\/it\/procedura-per-la-ripresa-del-cane\/\" \/>\n<meta property=\"og:site_name\" content=\"Anne Filsinger Photography\" \/>\n<meta property=\"article:modified_time\" content=\"2025-11-18T20:03:34+00:00\" \/>\n<meta property=\"og:image\" content=\"https:\/\/annefilsinger.com\/wp-content\/uploads\/AFI_6041_1920x1080_tiny.jpg\" \/>\n\t<meta property=\"og:image:width\" content=\"1920\" \/>\n\t<meta property=\"og:image:height\" content=\"1080\" \/>\n\t<meta property=\"og:image:type\" content=\"image\/jpeg\" \/>\n<meta name=\"twitter:card\" content=\"summary_large_image\" \/>\n<meta name=\"twitter:label1\" content=\"Tempo di lettura stimato\" \/>\n\t<meta name=\"twitter:data1\" content=\"2 minuti\" \/>\n<script type=\"application\/ld+json\" class=\"yoast-schema-graph\">{\"@context\":\"https:\/\/schema.org\",\"@graph\":[{\"@type\":\"WebPage\",\"@id\":\"https:\/\/annefilsinger.com\/it\/procedura-per-la-ripresa-del-cane\/\",\"url\":\"https:\/\/annefilsinger.com\/it\/procedura-per-la-ripresa-del-cane\/\",\"name\":\"Procedura per la ripresa del cane - Anne Filsinger Photography\",\"isPartOf\":{\"@id\":\"https:\/\/annefilsinger.com\/it\/#website\"},\"primaryImageOfPage\":{\"@id\":\"https:\/\/annefilsinger.com\/it\/procedura-per-la-ripresa-del-cane\/#primaryimage\"},\"image\":{\"@id\":\"https:\/\/annefilsinger.com\/it\/procedura-per-la-ripresa-del-cane\/#primaryimage\"},\"thumbnailUrl\":\"https:\/\/annefilsinger.com\/wp-content\/uploads\/AFI_6041_1920x1080_tiny.jpg\",\"datePublished\":\"2024-02-07T18:56:17+00:00\",\"dateModified\":\"2025-11-18T20:03:34+00:00\",\"description\":\"Due cose sono particolarmente importanti per me durante un servizio fotografico per cani: i tuoi desideri e il benessere del tuo cane! Ecco perch\u00e9 la preparazione del nostro servizio fotografico \u00e8 cos\u00ec importante.\",\"breadcrumb\":{\"@id\":\"https:\/\/annefilsinger.com\/it\/procedura-per-la-ripresa-del-cane\/#breadcrumb\"},\"inLanguage\":\"it-IT\",\"potentialAction\":[{\"@type\":\"ReadAction\",\"target\":[\"https:\/\/annefilsinger.com\/it\/procedura-per-la-ripresa-del-cane\/\"]}]},{\"@type\":\"ImageObject\",\"inLanguage\":\"it-IT\",\"@id\":\"https:\/\/annefilsinger.com\/it\/procedura-per-la-ripresa-del-cane\/#primaryimage\",\"url\":\"https:\/\/annefilsinger.com\/wp-content\/uploads\/AFI_6041_1920x1080_tiny.jpg\",\"contentUrl\":\"https:\/\/annefilsinger.com\/wp-content\/uploads\/AFI_6041_1920x1080_tiny.jpg\",\"width\":1920,\"height\":1080},{\"@type\":\"BreadcrumbList\",\"@id\":\"https:\/\/annefilsinger.com\/it\/procedura-per-la-ripresa-del-cane\/#breadcrumb\",\"itemListElement\":[{\"@type\":\"ListItem\",\"position\":1,\"name\":\"Startseite\",\"item\":\"https:\/\/annefilsinger.com\/it\/\"},{\"@type\":\"ListItem\",\"position\":2,\"name\":\"Procedura per la ripresa del cane\"}]},{\"@type\":\"WebSite\",\"@id\":\"https:\/\/annefilsinger.com\/it\/#website\",\"url\":\"https:\/\/annefilsinger.com\/it\/\",\"name\":\"Anne Filsinger Photography\",\"description\":\"Pet Photographer\",\"potentialAction\":[{\"@type\":\"SearchAction\",\"target\":{\"@type\":\"EntryPoint\",\"urlTemplate\":\"https:\/\/annefilsinger.com\/it\/?s={search_term_string}\"},\"query-input\":{\"@type\":\"PropertyValueSpecification\",\"valueRequired\":true,\"valueName\":\"search_term_string\"}}],\"inLanguage\":\"it-IT\"}]}<\/script>\n<!-- \/ Yoast SEO plugin. -->","yoast_head_json":{"title":"Procedura per la ripresa del cane - Anne Filsinger Photography","description":"Due cose sono particolarmente importanti per me durante un servizio fotografico per cani: i tuoi desideri e il benessere del tuo cane! Ecco perch\u00e9 la preparazione del nostro servizio fotografico \u00e8 cos\u00ec importante.","robots":{"index":"index","follow":"follow","max-snippet":"max-snippet:-1","max-image-preview":"max-image-preview:large","max-video-preview":"max-video-preview:-1"},"canonical":"https:\/\/annefilsinger.com\/it\/procedura-per-la-ripresa-del-cane\/","og_locale":"it_IT","og_type":"article","og_title":"Procedura per la ripresa del cane - Anne Filsinger Photography","og_description":"Due cose sono particolarmente importanti per me durante un servizio fotografico per cani: i tuoi desideri e il benessere del tuo cane! Ecco perch\u00e9 la preparazione del nostro servizio fotografico \u00e8 cos\u00ec importante.","og_url":"https:\/\/annefilsinger.com\/it\/procedura-per-la-ripresa-del-cane\/","og_site_name":"Anne Filsinger Photography","article_modified_time":"2025-11-18T20:03:34+00:00","og_image":[{"width":1920,"height":1080,"url":"https:\/\/annefilsinger.com\/wp-content\/uploads\/AFI_6041_1920x1080_tiny.jpg","type":"image\/jpeg"}],"twitter_card":"summary_large_image","twitter_misc":{"Tempo di lettura stimato":"2 minuti"},"schema":{"@context":"https:\/\/schema.org","@graph":[{"@type":"WebPage","@id":"https:\/\/annefilsinger.com\/it\/procedura-per-la-ripresa-del-cane\/","url":"https:\/\/annefilsinger.com\/it\/procedura-per-la-ripresa-del-cane\/","name":"Procedura per la ripresa del cane - Anne Filsinger Photography","isPartOf":{"@id":"https:\/\/annefilsinger.com\/it\/#website"},"primaryImageOfPage":{"@id":"https:\/\/annefilsinger.com\/it\/procedura-per-la-ripresa-del-cane\/#primaryimage"},"image":{"@id":"https:\/\/annefilsinger.com\/it\/procedura-per-la-ripresa-del-cane\/#primaryimage"},"thumbnailUrl":"https:\/\/annefilsinger.com\/wp-content\/uploads\/AFI_6041_1920x1080_tiny.jpg","datePublished":"2024-02-07T18:56:17+00:00","dateModified":"2025-11-18T20:03:34+00:00","description":"Due cose sono particolarmente importanti per me durante un servizio fotografico per cani: i tuoi desideri e il benessere del tuo cane! Ecco perch\u00e9 la preparazione del nostro servizio fotografico \u00e8 cos\u00ec importante.","breadcrumb":{"@id":"https:\/\/annefilsinger.com\/it\/procedura-per-la-ripresa-del-cane\/#breadcrumb"},"inLanguage":"it-IT","potentialAction":[{"@type":"ReadAction","target":["https:\/\/annefilsinger.com\/it\/procedura-per-la-ripresa-del-cane\/"]}]},{"@type":"ImageObject","inLanguage":"it-IT","@id":"https:\/\/annefilsinger.com\/it\/procedura-per-la-ripresa-del-cane\/#primaryimage","url":"https:\/\/annefilsinger.com\/wp-content\/uploads\/AFI_6041_1920x1080_tiny.jpg","contentUrl":"https:\/\/annefilsinger.com\/wp-content\/uploads\/AFI_6041_1920x1080_tiny.jpg","width":1920,"height":1080},{"@type":"BreadcrumbList","@id":"https:\/\/annefilsinger.com\/it\/procedura-per-la-ripresa-del-cane\/#breadcrumb","itemListElement":[{"@type":"ListItem","position":1,"name":"Startseite","item":"https:\/\/annefilsinger.com\/it\/"},{"@type":"ListItem","position":2,"name":"Procedura per la ripresa del cane"}]},{"@type":"WebSite","@id":"https:\/\/annefilsinger.com\/it\/#website","url":"https:\/\/annefilsinger.com\/it\/","name":"Anne Filsinger Photography","description":"Pet Photographer","potentialAction":[{"@type":"SearchAction","target":{"@type":"EntryPoint","urlTemplate":"https:\/\/annefilsinger.com\/it\/?s={search_term_string}"},"query-input":{"@type":"PropertyValueSpecification","valueRequired":true,"valueName":"search_term_string"}}],"inLanguage":"it-IT"}]}},"_links":{"self":[{"href":"https:\/\/annefilsinger.com\/it\/wp-json\/wp\/v2\/pages\/31727","targetHints":{"allow":["GET"]}}],"collection":[{"href":"https:\/\/annefilsinger.com\/it\/wp-json\/wp\/v2\/pages"}],"about":[{"href":"https:\/\/annefilsinger.com\/it\/wp-json\/wp\/v2\/types\/page"}],"author":[{"embeddable":true,"href":"https:\/\/annefilsinger.com\/it\/wp-json\/wp\/v2\/users\/2"}],"replies":[{"embeddable":true,"href":"https:\/\/annefilsinger.com\/it\/wp-json\/wp\/v2\/comments?post=31727"}],"version-history":[{"count":3,"href":"https:\/\/annefilsinger.com\/it\/wp-json\/wp\/v2\/pages\/31727\/revisions"}],"predecessor-version":[{"id":31788,"href":"https:\/\/annefilsinger.com\/it\/wp-json\/wp\/v2\/pages\/31727\/revisions\/31788"}],"wp:featuredmedia":[{"embeddable":true,"href":"https:\/\/annefilsinger.com\/it\/wp-json\/wp\/v2\/media\/31632"}],"wp:attachment":[{"href":"https:\/\/annefilsinger.com\/it\/wp-json\/wp\/v2\/media?parent=31727"}],"curies":[{"name":"wp","href":"https:\/\/api.w.org\/{rel}","templated":true}]}}