{"id":31696,"date":"2024-02-08T11:41:40","date_gmt":"2024-02-08T10:41:40","guid":{"rendered":"https:\/\/annefilsinger.com\/buono-a-sapersi-le-risposte-alle-domande-piu-frequenti\/"},"modified":"2024-03-23T22:12:13","modified_gmt":"2024-03-23T21:12:13","slug":"buono-a-sapersi-le-risposte-alle-domande-piu-frequenti","status":"publish","type":"page","link":"https:\/\/annefilsinger.com\/it\/buono-a-sapersi-le-risposte-alle-domande-piu-frequenti\/","title":{"rendered":"Buono a sapersi: Le risposte alle domande pi\u00f9 frequenti"},"content":{"rendered":"\n<h2 class=\"wp-block-heading\">Devo mettere il mio cane al guinzaglio?<\/h2>\n\n<p>Sarebbe bello, ma non \u00e8 assolutamente necessario. Con il mio guinzaglio da fotografo, facile da ritoccare, pu\u00f2 sembrare che il tuo cane sia libero.<\/p>\n\n<p>Chiariamo in anticipo quali sono le capacit\u00e0 e i gusti del tuo cane e cerchiamo un luogo adatto in cui si senta a suo agio e otteniamo foto autentiche.<\/p>\n\n<h2 class=\"wp-block-heading\">Il mio cane deve essere in grado di fare trucchi speciali per un servizio fotografico?<\/h2>\n\n<p>No, il tuo cane non deve conoscere alcun trucco. Un po&#8217; di obbedienza di base, come il &#8220;resta&#8221; o il &#8220;seduto&#8221;, sarebbe utile, ma non \u00e8 un prerequisito.<\/p>\n\n<h2 class=\"wp-block-heading\">Perch\u00e9 \u00e8 importante la discussione preliminare?<\/h2>\n\n<p>Un cucciolo \u00e8 diverso da un cane anziano e un cane che pu\u00f2 essere addestrato e pu\u00f2 fare dei trucchi \u00e8 diverso da un giovane cane in pubert\u00e0 che sta solo testando i suoi limiti.  <br\/>Faccio foto a tutti, ma per un cane che ama cacciare, il bosco potrebbe non essere il luogo migliore e con un cane che ha paura delle auto, \u00e8 meglio non andare in citt\u00e0.<\/p>\n\n<h2 class=\"wp-block-heading\">Cosa vuoi sapere durante il colloquio preliminare?<\/h2>\n\n<p>Ad esempio, mi interessano l&#8217;et\u00e0 del tuo cane, le sue preferenze, le sue caratteristiche particolari, il suo livello di addestramento, i suoi orari di alimentazione e anche il colore del suo mantello. \u00c8 meglio se mi racconti qualcosa della tua vita quotidiana. Grazie a queste informazioni potremo trovare la location giusta che piacer\u00e0 a te e al tuo cane.<\/p>\n\n<p>Hai gi\u00e0 un&#8217;idea delle foto che desideri? Allora sarebbe bene parlarne in anticipo.<\/p>\n\n<h2 class=\"wp-block-heading\">Verrai anche tu a casa mia?<\/h2>\n\n<p>S\u00ec. Mi piace molto immortalare la vita quotidiana. Le situazioni &#8220;normali&#8221;, in particolare, hanno spesso un grande valore emotivo. Ci sono anche cani per i quali una ripresa in un ambiente familiare \u00e8 pi\u00f9 facile.<\/p>\n\n<h2 class=\"wp-block-heading\">E se abitassi pi\u00f9 lontano ma volessi comunque fare un servizio fotografico per cani?<\/h2>\n\n<p>Chiamami o inviami un&#8217;e-mail non vincolante. Sar\u00f2 lieto di venire da te per un&#8217;indennit\u00e0 di viaggio. Forse hai amici o conoscenti che vorrebbero fare un servizio fotografico? Sono sicuro che troveremo una soluzione!<\/p>\n\n<h2 class=\"wp-block-heading\">Puoi inviarmi anche una WebGallery?<\/h2>\n\n<p>S\u00ec, in linea di principio posso farlo. Tuttavia, l&#8217;esperienza ha dimostrato che \u00e8 meglio selezionare le foto insieme. Non dobbiamo necessariamente incontrarci di nuovo, ma questo pu\u00f2 essere fatto anche con una chiamata Facetime o una riunione Zoom, ad esempio. Il motivo \u00e8 che posso dirti, ad esempio, cos&#8217;altro \u00e8 possibile fare nell&#8217;elaborazione delle immagini.<\/p>\n\n<h2 class=\"wp-block-heading\">Potrei avere anche tutte le foto?<\/h2>\n\n<p>S\u00ec, certo, mi piacerebbe molto! Ogni foto non inclusa nel prezzo del pacchetto costa 5 \u20ac, ritoccata professionalmente 14 \u20ac. Sar\u00f2 lieto di offrirti un prezzo completo per un gran numero di foto.<\/p>\n\n<h2 class=\"wp-block-heading\">Cosa succede quando piove?<\/h2>\n\n<p>Qualche nuvola non \u00e8 un male, anzi. La nebbia pu\u00f2 anche essere molto bella. Tuttavia, se il tempo non \u00e8 adatto, troveremo una data alternativa.<\/p>\n\n<p>In estate fa molto caldo e molto rapidamente. Per assicurarci che il tuo cane stia bene, faremo delle foto al mattino presto o nel tardo pomeriggio. Anche la luce \u00e8 pi\u00f9 bella.  <\/p>\n\n<p>  <\/p>\n\n<p class=\"has-text-align-center has-light-gray-background-color has-background\">   <strong>Hai altre domande? Chiamami o scrivemi, naturalmente senza impegno! <\/strong><br\/><strong>Qualunque sia la tua scelta, sar\u00f2 lieto di fornirti tutte le informazioni necessarie affinch\u00e9 tu possa prendere la tua decisione in tutta tranquillit\u00e0.<\/strong><br\/><\/p>\n\n<div class=\"wp-block-buttons is-content-justification-center is-layout-flex wp-container-core-buttons-is-layout-16018d1d wp-block-buttons-is-layout-flex\">\n<div class=\"wp-block-button has-custom-font-size has-small-font-size\"><a class=\"wp-block-button__link has-background wp-element-button\" href=\"https:\/\/wa.me\/393203150566\" style=\"background-color:#1a659e\" target=\"_blank\" rel=\"noreferrer noopener\">WhatsApp<\/a><\/div>\n\n\n\n<div class=\"wp-block-button has-custom-font-size has-small-font-size\"><a class=\"wp-block-button__link has-background wp-element-button\" href=\"mailto:contact@annefilsinger.com\" style=\"background-color:#1a659e\" target=\"_blank\" rel=\"noreferrer noopener\">e-mail<\/a><\/div>\n\n\n\n<div class=\"wp-block-button has-custom-font-size has-small-font-size\"><a class=\"wp-block-button__link has-background wp-element-button\" style=\"background-color:#1a659e\">T +39 3203150566<\/a><\/div>\n<\/div>\n","protected":false},"excerpt":{"rendered":"<p>Devo mettere il mio cane al guinzaglio? Sarebbe bello, ma non \u00e8 assolutamente necessario. Con il mio guinzaglio da fotografo, facile da ritoccare, pu\u00f2 sembrare che il tuo cane sia libero. Chiariamo in anticipo quali sono le capacit\u00e0 e i gusti del tuo cane e &hellip; <a href=\"https:\/\/annefilsinger.com\/it\/buono-a-sapersi-le-risposte-alle-domande-piu-frequenti\/\" class=\"more-link\"><span>Continue reading<span class=\"screen-reader-text\">Buono a sapersi: Le risposte alle domande pi\u00f9 frequenti<\/span><\/span><\/a><\/p>\n","protected":false},"author":2,"featured_media":31677,"parent":0,"menu_order":0,"comment_status":"closed","ping_status":"closed","template":"templates\/no-sidebar.php","meta":{"footnotes":""},"class_list":["post-31696","page","type-page","status-publish","has-post-thumbnail","hentry"],"yoast_head":"<!-- This site is optimized with the Yoast SEO plugin v26.9 - https:\/\/yoast.com\/product\/yoast-seo-wordpress\/ -->\n<title>Buono a sapersi: Le risposte alle domande pi\u00f9 frequenti - Anne Filsinger Photography<\/title>\n<meta name=\"description\" content=\"Sei interessato a un servizio fotografico per cani e hai ancora delle domande? Chiamatemi o scrivetemi, naturalmente senza impegno!\" \/>\n<meta name=\"robots\" content=\"index, follow, max-snippet:-1, max-image-preview:large, max-video-preview:-1\" \/>\n<link rel=\"canonical\" href=\"https:\/\/annefilsinger.com\/it\/buono-a-sapersi-le-risposte-alle-domande-piu-frequenti\/\" \/>\n<meta property=\"og:locale\" content=\"it_IT\" \/>\n<meta property=\"og:type\" content=\"article\" \/>\n<meta property=\"og:title\" content=\"Buono a sapersi: Le risposte alle domande pi\u00f9 frequenti - Anne Filsinger Photography\" \/>\n<meta property=\"og:description\" content=\"Sei interessato a un servizio fotografico per cani e hai ancora delle domande? Chiamatemi o scrivetemi, naturalmente senza impegno!\" \/>\n<meta property=\"og:url\" content=\"https:\/\/annefilsinger.com\/it\/buono-a-sapersi-le-risposte-alle-domande-piu-frequenti\/\" \/>\n<meta property=\"og:site_name\" content=\"Anne Filsinger Photography\" \/>\n<meta property=\"article:modified_time\" content=\"2024-03-23T21:12:13+00:00\" \/>\n<meta property=\"og:image\" content=\"https:\/\/annefilsinger.com\/wp-content\/uploads\/FI_4641-PS_1148x57472_tiny.jpg\" \/>\n\t<meta property=\"og:image:width\" content=\"1148\" \/>\n\t<meta property=\"og:image:height\" content=\"574\" \/>\n\t<meta property=\"og:image:type\" content=\"image\/jpeg\" \/>\n<meta name=\"twitter:card\" content=\"summary_large_image\" \/>\n<meta name=\"twitter:label1\" content=\"Tempo di lettura stimato\" \/>\n\t<meta name=\"twitter:data1\" content=\"4 minuti\" \/>\n<script type=\"application\/ld+json\" class=\"yoast-schema-graph\">{\"@context\":\"https:\/\/schema.org\",\"@graph\":[{\"@type\":\"WebPage\",\"@id\":\"https:\/\/annefilsinger.com\/it\/buono-a-sapersi-le-risposte-alle-domande-piu-frequenti\/\",\"url\":\"https:\/\/annefilsinger.com\/it\/buono-a-sapersi-le-risposte-alle-domande-piu-frequenti\/\",\"name\":\"Buono a sapersi: Le risposte alle domande pi\u00f9 frequenti - Anne Filsinger Photography\",\"isPartOf\":{\"@id\":\"https:\/\/annefilsinger.com\/it\/#website\"},\"primaryImageOfPage\":{\"@id\":\"https:\/\/annefilsinger.com\/it\/buono-a-sapersi-le-risposte-alle-domande-piu-frequenti\/#primaryimage\"},\"image\":{\"@id\":\"https:\/\/annefilsinger.com\/it\/buono-a-sapersi-le-risposte-alle-domande-piu-frequenti\/#primaryimage\"},\"thumbnailUrl\":\"https:\/\/annefilsinger.com\/wp-content\/uploads\/FI_4641-PS_1148x57472_tiny.jpg\",\"datePublished\":\"2024-02-08T10:41:40+00:00\",\"dateModified\":\"2024-03-23T21:12:13+00:00\",\"description\":\"Sei interessato a un servizio fotografico per cani e hai ancora delle domande? Chiamatemi o scrivetemi, naturalmente senza impegno!\",\"breadcrumb\":{\"@id\":\"https:\/\/annefilsinger.com\/it\/buono-a-sapersi-le-risposte-alle-domande-piu-frequenti\/#breadcrumb\"},\"inLanguage\":\"it-IT\",\"potentialAction\":[{\"@type\":\"ReadAction\",\"target\":[\"https:\/\/annefilsinger.com\/it\/buono-a-sapersi-le-risposte-alle-domande-piu-frequenti\/\"]}]},{\"@type\":\"ImageObject\",\"inLanguage\":\"it-IT\",\"@id\":\"https:\/\/annefilsinger.com\/it\/buono-a-sapersi-le-risposte-alle-domande-piu-frequenti\/#primaryimage\",\"url\":\"https:\/\/annefilsinger.com\/wp-content\/uploads\/FI_4641-PS_1148x57472_tiny.jpg\",\"contentUrl\":\"https:\/\/annefilsinger.com\/wp-content\/uploads\/FI_4641-PS_1148x57472_tiny.jpg\",\"width\":1148,\"height\":574},{\"@type\":\"BreadcrumbList\",\"@id\":\"https:\/\/annefilsinger.com\/it\/buono-a-sapersi-le-risposte-alle-domande-piu-frequenti\/#breadcrumb\",\"itemListElement\":[{\"@type\":\"ListItem\",\"position\":1,\"name\":\"Startseite\",\"item\":\"https:\/\/annefilsinger.com\/it\/\"},{\"@type\":\"ListItem\",\"position\":2,\"name\":\"Buono a sapersi: Le risposte alle domande pi\u00f9 frequenti\"}]},{\"@type\":\"WebSite\",\"@id\":\"https:\/\/annefilsinger.com\/it\/#website\",\"url\":\"https:\/\/annefilsinger.com\/it\/\",\"name\":\"Anne Filsinger Photography\",\"description\":\"Pet Photographer\",\"potentialAction\":[{\"@type\":\"SearchAction\",\"target\":{\"@type\":\"EntryPoint\",\"urlTemplate\":\"https:\/\/annefilsinger.com\/it\/?s={search_term_string}\"},\"query-input\":{\"@type\":\"PropertyValueSpecification\",\"valueRequired\":true,\"valueName\":\"search_term_string\"}}],\"inLanguage\":\"it-IT\"}]}<\/script>\n<!-- \/ Yoast SEO plugin. -->","yoast_head_json":{"title":"Buono a sapersi: Le risposte alle domande pi\u00f9 frequenti - Anne Filsinger Photography","description":"Sei interessato a un servizio fotografico per cani e hai ancora delle domande? Chiamatemi o scrivetemi, naturalmente senza impegno!","robots":{"index":"index","follow":"follow","max-snippet":"max-snippet:-1","max-image-preview":"max-image-preview:large","max-video-preview":"max-video-preview:-1"},"canonical":"https:\/\/annefilsinger.com\/it\/buono-a-sapersi-le-risposte-alle-domande-piu-frequenti\/","og_locale":"it_IT","og_type":"article","og_title":"Buono a sapersi: Le risposte alle domande pi\u00f9 frequenti - Anne Filsinger Photography","og_description":"Sei interessato a un servizio fotografico per cani e hai ancora delle domande? Chiamatemi o scrivetemi, naturalmente senza impegno!","og_url":"https:\/\/annefilsinger.com\/it\/buono-a-sapersi-le-risposte-alle-domande-piu-frequenti\/","og_site_name":"Anne Filsinger Photography","article_modified_time":"2024-03-23T21:12:13+00:00","og_image":[{"width":1148,"height":574,"url":"https:\/\/annefilsinger.com\/wp-content\/uploads\/FI_4641-PS_1148x57472_tiny.jpg","type":"image\/jpeg"}],"twitter_card":"summary_large_image","twitter_misc":{"Tempo di lettura stimato":"4 minuti"},"schema":{"@context":"https:\/\/schema.org","@graph":[{"@type":"WebPage","@id":"https:\/\/annefilsinger.com\/it\/buono-a-sapersi-le-risposte-alle-domande-piu-frequenti\/","url":"https:\/\/annefilsinger.com\/it\/buono-a-sapersi-le-risposte-alle-domande-piu-frequenti\/","name":"Buono a sapersi: Le risposte alle domande pi\u00f9 frequenti - Anne Filsinger Photography","isPartOf":{"@id":"https:\/\/annefilsinger.com\/it\/#website"},"primaryImageOfPage":{"@id":"https:\/\/annefilsinger.com\/it\/buono-a-sapersi-le-risposte-alle-domande-piu-frequenti\/#primaryimage"},"image":{"@id":"https:\/\/annefilsinger.com\/it\/buono-a-sapersi-le-risposte-alle-domande-piu-frequenti\/#primaryimage"},"thumbnailUrl":"https:\/\/annefilsinger.com\/wp-content\/uploads\/FI_4641-PS_1148x57472_tiny.jpg","datePublished":"2024-02-08T10:41:40+00:00","dateModified":"2024-03-23T21:12:13+00:00","description":"Sei interessato a un servizio fotografico per cani e hai ancora delle domande? Chiamatemi o scrivetemi, naturalmente senza impegno!","breadcrumb":{"@id":"https:\/\/annefilsinger.com\/it\/buono-a-sapersi-le-risposte-alle-domande-piu-frequenti\/#breadcrumb"},"inLanguage":"it-IT","potentialAction":[{"@type":"ReadAction","target":["https:\/\/annefilsinger.com\/it\/buono-a-sapersi-le-risposte-alle-domande-piu-frequenti\/"]}]},{"@type":"ImageObject","inLanguage":"it-IT","@id":"https:\/\/annefilsinger.com\/it\/buono-a-sapersi-le-risposte-alle-domande-piu-frequenti\/#primaryimage","url":"https:\/\/annefilsinger.com\/wp-content\/uploads\/FI_4641-PS_1148x57472_tiny.jpg","contentUrl":"https:\/\/annefilsinger.com\/wp-content\/uploads\/FI_4641-PS_1148x57472_tiny.jpg","width":1148,"height":574},{"@type":"BreadcrumbList","@id":"https:\/\/annefilsinger.com\/it\/buono-a-sapersi-le-risposte-alle-domande-piu-frequenti\/#breadcrumb","itemListElement":[{"@type":"ListItem","position":1,"name":"Startseite","item":"https:\/\/annefilsinger.com\/it\/"},{"@type":"ListItem","position":2,"name":"Buono a sapersi: Le risposte alle domande pi\u00f9 frequenti"}]},{"@type":"WebSite","@id":"https:\/\/annefilsinger.com\/it\/#website","url":"https:\/\/annefilsinger.com\/it\/","name":"Anne Filsinger Photography","description":"Pet Photographer","potentialAction":[{"@type":"SearchAction","target":{"@type":"EntryPoint","urlTemplate":"https:\/\/annefilsinger.com\/it\/?s={search_term_string}"},"query-input":{"@type":"PropertyValueSpecification","valueRequired":true,"valueName":"search_term_string"}}],"inLanguage":"it-IT"}]}},"_links":{"self":[{"href":"https:\/\/annefilsinger.com\/it\/wp-json\/wp\/v2\/pages\/31696","targetHints":{"allow":["GET"]}}],"collection":[{"href":"https:\/\/annefilsinger.com\/it\/wp-json\/wp\/v2\/pages"}],"about":[{"href":"https:\/\/annefilsinger.com\/it\/wp-json\/wp\/v2\/types\/page"}],"author":[{"embeddable":true,"href":"https:\/\/annefilsinger.com\/it\/wp-json\/wp\/v2\/users\/2"}],"replies":[{"embeddable":true,"href":"https:\/\/annefilsinger.com\/it\/wp-json\/wp\/v2\/comments?post=31696"}],"version-history":[{"count":6,"href":"https:\/\/annefilsinger.com\/it\/wp-json\/wp\/v2\/pages\/31696\/revisions"}],"predecessor-version":[{"id":31797,"href":"https:\/\/annefilsinger.com\/it\/wp-json\/wp\/v2\/pages\/31696\/revisions\/31797"}],"wp:featuredmedia":[{"embeddable":true,"href":"https:\/\/annefilsinger.com\/it\/wp-json\/wp\/v2\/media\/31677"}],"wp:attachment":[{"href":"https:\/\/annefilsinger.com\/it\/wp-json\/wp\/v2\/media?parent=31696"}],"curies":[{"name":"wp","href":"https:\/\/api.w.org\/{rel}","templated":true}]}}