{"id":31691,"date":"2024-02-07T18:49:50","date_gmt":"2024-02-07T17:49:50","guid":{"rendered":"https:\/\/annefilsinger.com\/il-vostro-fotografo-per-cani\/"},"modified":"2024-03-23T22:16:41","modified_gmt":"2024-03-23T21:16:41","slug":"il-vostro-fotografo-per-cani","status":"publish","type":"page","link":"https:\/\/annefilsinger.com\/it\/il-vostro-fotografo-per-cani\/","title":{"rendered":"Tua fotografa per cani"},"content":{"rendered":"\n<h2 class=\"wp-block-heading\">Ti fornir\u00f2 delle foto autentiche del tuo cane e di te in un ambiente speciale<\/h2>\n\n\n\n<p class=\"has-text-align-center has-light-gray-background-color has-background\"><em><strong>&#8220;Mi affascina il non esposto e cerco di catturare nelle mie foto momenti che mostrino la bellezza del quotidiano&#8221;.<\/strong><\/em><\/p>\n\n\n\n<h2 class=\"wp-block-heading\">Ecco perch\u00e9 fotografo soprattutto cani<\/h2>\n\n\n\n<p>Ho sempre desiderato un cane, ma per molto tempo nessuno si \u00e8 adattato alla mia vita. Un lavoro impegnativo e molti, lunghissimi viaggi &#8211; sempre con la macchina fotografica, ovviamente &#8211; hanno contrastato per diversi anni. Quando io e mio marito abbiamo deciso di portare un cane nella nostra vita, il padrone di casa ha detto di no e ci siamo ritrovati con un gatto. In questo modo ho imparato molto sui gatti. Per dare un posto ai cani nella mia vita, ho seguito un corso di addestramento per cani.<\/p>\n\n\n<div class=\"wp-block-image\">\n<figure class=\"alignleft\"><img loading=\"lazy\" decoding=\"async\" width=\"600\" height=\"600\" src=\"https:\/\/annefilsinger.com\/wp-content\/uploads\/Anne-Filsinger_AFI_7001_tiny-600x600.jpg\" alt=\"\" class=\"wp-image-31288\" srcset=\"https:\/\/annefilsinger.com\/wp-content\/uploads\/Anne-Filsinger_AFI_7001_tiny-600x600.jpg 600w, https:\/\/annefilsinger.com\/wp-content\/uploads\/Anne-Filsinger_AFI_7001_tiny-900x900.jpg 900w, https:\/\/annefilsinger.com\/wp-content\/uploads\/Anne-Filsinger_AFI_7001_tiny-400x400.jpg 400w, https:\/\/annefilsinger.com\/wp-content\/uploads\/Anne-Filsinger_AFI_7001_tiny-768x768.jpg 768w, https:\/\/annefilsinger.com\/wp-content\/uploads\/Anne-Filsinger_AFI_7001_tiny-533x533.jpg 533w, https:\/\/annefilsinger.com\/wp-content\/uploads\/Anne-Filsinger_AFI_7001_tiny-640x640.jpg 640w, https:\/\/annefilsinger.com\/wp-content\/uploads\/Anne-Filsinger_AFI_7001_tiny-864x864.jpg 864w, https:\/\/annefilsinger.com\/wp-content\/uploads\/Anne-Filsinger_AFI_7001_tiny.jpg 1080w\" sizes=\"auto, (max-width: 600px) 100vw, 600px\" \/><\/figure>\n<\/div>\n\n\n<p>Quando Gioia, un mix di cane da guardia proveniente dalla protezione animali, si \u00e8 finalmente trasferita da noi e dagli ormai 5 gatti nel 2018, la teoria ha preso vita e ha sconvolto le nostre vite. Da allora ho lavorato intensamente sul linguaggio del corpo dei cani, sull&#8217;addestramento orientato ai bisogni, sulle teorie dell&#8217;apprendimento e sul rinforzo positivo. Pi\u00f9 imparo a conoscere i cani e a lavorare con loro, pi\u00f9 questi animali mi affascinano. Era naturale che la fotografia di cani e gatti diventasse sempre pi\u00f9 importante per me.<\/p>\n\n\n\n<p>La formazione continua fa parte della crescita della fotografia. Partecipo regolarmente a diversi corsi, lezioni e workshop, ad esempio presso Canon, il Siena Photo Festival, l&#8217;Italian Street Photo Festival, la Heidelberg Summer School of Photography, lo ShootCamp, con Regine Heuser o Wiebke Haas, entrambe note fotografe di animali.<\/p>\n\n\n\n<h2 class=\"wp-block-heading\">Eccomi<\/h2>\n\n\n<div class=\"wp-block-image\">\n<figure class=\"alignleft size-full\"><img loading=\"lazy\" decoding=\"async\" width=\"1080\" height=\"876\" src=\"https:\/\/annefilsinger.com\/wp-content\/uploads\/Fotografia-di-cani_IMG_6475_tiny.jpg\" alt=\"\" class=\"wp-image-31466\" srcset=\"https:\/\/annefilsinger.com\/wp-content\/uploads\/Fotografia-di-cani_IMG_6475_tiny.jpg 1080w, https:\/\/annefilsinger.com\/wp-content\/uploads\/Fotografia-di-cani_IMG_6475_tiny-600x487.jpg 600w, https:\/\/annefilsinger.com\/wp-content\/uploads\/Fotografia-di-cani_IMG_6475_tiny-768x623.jpg 768w\" sizes=\"auto, (max-width: 1080px) 100vw, 1080px\" \/><\/figure>\n<\/div>\n\n\n<p>Nato negli anni Sessanta, ho studiato etnologia europea e comunicazione interculturale, ho trascorso 15 mesi in Africa con lo zaino in spalla a partire dal 1991, quando non c&#8217;erano telefoni cellulari o internet e c&#8217;era solo una guida turistica dell&#8217;Egitto, ho trascorso un anno in Asia nel 2003 e ho trascorso ogni minuto libero nel frattempo da qualche parte nel mondo.<\/p>\n\n\n\n<p>Con Gioia, il nostro cane meticcio maremmano proveniente da un rifugio per animali italiano, e Carlo, il nostro gatto, sono arrivate da me due creature molto speciali. Mi hanno messo alla prova, mi hanno spinto ai miei limiti e con loro ho imparato molto: sui gatti, sui cani in generale, sui cani da guardia del bestiame in particolare e, soprattutto, su me stessa.<\/p>\n\n\n\n<p><img loading=\"lazy\" decoding=\"async\" width=\"220\" height=\"220\" class=\"wp-image-31468 alignright\" style=\"width: 220px;\" src=\"https:\/\/annefilsinger.com\/wp-content\/uploads\/IMG_8436_1080x108072_tiny.jpg\" alt=\"\" srcset=\"https:\/\/annefilsinger.com\/wp-content\/uploads\/IMG_8436_1080x108072_tiny.jpg 1080w, https:\/\/annefilsinger.com\/wp-content\/uploads\/IMG_8436_1080x108072_tiny-600x600.jpg 600w, https:\/\/annefilsinger.com\/wp-content\/uploads\/IMG_8436_1080x108072_tiny-900x900.jpg 900w, https:\/\/annefilsinger.com\/wp-content\/uploads\/IMG_8436_1080x108072_tiny-400x400.jpg 400w, https:\/\/annefilsinger.com\/wp-content\/uploads\/IMG_8436_1080x108072_tiny-768x768.jpg 768w, https:\/\/annefilsinger.com\/wp-content\/uploads\/IMG_8436_1080x108072_tiny-640x640.jpg 640w, https:\/\/annefilsinger.com\/wp-content\/uploads\/IMG_8436_1080x108072_tiny-533x533.jpg 533w, https:\/\/annefilsinger.com\/wp-content\/uploads\/IMG_8436_1080x108072_tiny-864x864.jpg 864w, https:\/\/annefilsinger.com\/wp-content\/uploads\/IMG_8436_1080x108072_tiny-50x50.jpg 50w\" sizes=\"auto, (max-width: 220px) 100vw, 220px\" \/>Oggi ho trovato il &#8220;mio&#8221; posto, il luogo dove mettere radici. Insieme a mio marito Thomas, Gioia, Carlo e altri cinque gatti, vivo in campagna in Maremma, nel sud della Toscana.<\/p>\n\n\n\n<p><p><\/p><p>Qui fotografo principalmente cani, ma anche gatti, preferibilmente in natura.<\/p>\r\n<p>&nbsp;<\/p><\/p>\n\n\n\n<p class=\"has-text-align-center has-light-gray-background-color has-background\"><strong>Hai ancora domande? <\/strong><br><strong>Chiamami o scrivemi, naturalmente senza impegno! <\/strong><br><strong>In ogno caso, sono lieto di rispondere a tutte le tue domande in modo che tu possa prendere la tua decisione in tutta tranquillit\u00e0.<\/strong><\/p>\n\n\n\n<div class=\"wp-block-buttons is-content-justification-center is-layout-flex wp-container-core-buttons-is-layout-16018d1d wp-block-buttons-is-layout-flex\">\n<div class=\"wp-block-button has-custom-font-size has-small-font-size\"><a class=\"wp-block-button__link has-background wp-element-button\" href=\"https:\/\/wa.me\/393203150566\" style=\"background-color:#1a659e\" target=\"_blank\" rel=\"noreferrer noopener\">WhatsApp<\/a><\/div>\n\n\n\n<div class=\"wp-block-button has-custom-font-size has-small-font-size\"><a class=\"wp-block-button__link has-background wp-element-button\" href=\"mailto:contact@annefilsinger.com\" style=\"background-color:#1a659e\" target=\"_blank\" rel=\"noreferrer noopener\">e-mail<\/a><\/div>\n\n\n\n<div class=\"wp-block-button has-custom-font-size has-small-font-size\"><a class=\"wp-block-button__link has-background wp-element-button\" style=\"background-color:#1a659e\">T +39 3203150566<\/a><\/div>\n<\/div>\n","protected":false},"excerpt":{"rendered":"<p>Ti fornir\u00f2 delle foto autentiche del tuo cane e di te in un ambiente speciale &#8220;Mi affascina il non esposto e cerco di catturare nelle mie foto momenti che mostrino la bellezza del quotidiano&#8221;. Ecco perch\u00e9 fotografo soprattutto cani Ho sempre desiderato un cane, ma &hellip; <a href=\"https:\/\/annefilsinger.com\/it\/il-vostro-fotografo-per-cani\/\" class=\"more-link\"><span>Continue reading<span class=\"screen-reader-text\">Tua fotografa per cani<\/span><\/span><\/a><\/p>\n","protected":false},"author":2,"featured_media":31683,"parent":0,"menu_order":0,"comment_status":"closed","ping_status":"closed","template":"templates\/no-sidebar.php","meta":{"footnotes":""},"class_list":["post-31691","page","type-page","status-publish","has-post-thumbnail","hentry"],"yoast_head":"<!-- This site is optimized with the Yoast SEO plugin v26.9 - https:\/\/yoast.com\/product\/yoast-seo-wordpress\/ -->\n<title>Tua fotografa per cani - Anne Filsinger Photography<\/title>\n<meta name=\"description\" content=\"Catturo anche momenti di vita quotidiana. Rituali. L&#039;unione. Il tempo trascorso insieme finisce troppo in fretta. E le foto mantengono vivi i ricordi.\" \/>\n<meta name=\"robots\" content=\"index, follow, max-snippet:-1, max-image-preview:large, max-video-preview:-1\" \/>\n<link rel=\"canonical\" href=\"https:\/\/annefilsinger.com\/it\/il-vostro-fotografo-per-cani\/\" \/>\n<meta property=\"og:locale\" content=\"it_IT\" \/>\n<meta property=\"og:type\" content=\"article\" \/>\n<meta property=\"og:title\" content=\"Tua fotografa per cani - Anne Filsinger Photography\" \/>\n<meta property=\"og:description\" content=\"Catturo anche momenti di vita quotidiana. Rituali. L&#039;unione. Il tempo trascorso insieme finisce troppo in fretta. E le foto mantengono vivi i ricordi.\" \/>\n<meta property=\"og:url\" content=\"https:\/\/annefilsinger.com\/it\/il-vostro-fotografo-per-cani\/\" \/>\n<meta property=\"og:site_name\" content=\"Anne Filsinger Photography\" \/>\n<meta property=\"article:modified_time\" content=\"2024-03-23T21:16:41+00:00\" \/>\n<meta property=\"og:image\" content=\"https:\/\/annefilsinger.com\/wp-content\/uploads\/IMG_6419_1148x57472_tiny.jpg\" \/>\n\t<meta property=\"og:image:width\" content=\"1148\" \/>\n\t<meta property=\"og:image:height\" content=\"574\" \/>\n\t<meta property=\"og:image:type\" content=\"image\/jpeg\" \/>\n<meta name=\"twitter:card\" content=\"summary_large_image\" \/>\n<meta name=\"twitter:label1\" content=\"Tempo di lettura stimato\" \/>\n\t<meta name=\"twitter:data1\" content=\"4 minuti\" \/>\n<script type=\"application\/ld+json\" class=\"yoast-schema-graph\">{\"@context\":\"https:\/\/schema.org\",\"@graph\":[{\"@type\":\"WebPage\",\"@id\":\"https:\/\/annefilsinger.com\/it\/il-vostro-fotografo-per-cani\/\",\"url\":\"https:\/\/annefilsinger.com\/it\/il-vostro-fotografo-per-cani\/\",\"name\":\"Tua fotografa per cani - Anne Filsinger Photography\",\"isPartOf\":{\"@id\":\"https:\/\/annefilsinger.com\/it\/#website\"},\"primaryImageOfPage\":{\"@id\":\"https:\/\/annefilsinger.com\/it\/il-vostro-fotografo-per-cani\/#primaryimage\"},\"image\":{\"@id\":\"https:\/\/annefilsinger.com\/it\/il-vostro-fotografo-per-cani\/#primaryimage\"},\"thumbnailUrl\":\"https:\/\/annefilsinger.com\/wp-content\/uploads\/IMG_6419_1148x57472_tiny.jpg\",\"datePublished\":\"2024-02-07T17:49:50+00:00\",\"dateModified\":\"2024-03-23T21:16:41+00:00\",\"description\":\"Catturo anche momenti di vita quotidiana. Rituali. L'unione. Il tempo trascorso insieme finisce troppo in fretta. E le foto mantengono vivi i ricordi.\",\"breadcrumb\":{\"@id\":\"https:\/\/annefilsinger.com\/it\/il-vostro-fotografo-per-cani\/#breadcrumb\"},\"inLanguage\":\"it-IT\",\"potentialAction\":[{\"@type\":\"ReadAction\",\"target\":[\"https:\/\/annefilsinger.com\/it\/il-vostro-fotografo-per-cani\/\"]}]},{\"@type\":\"ImageObject\",\"inLanguage\":\"it-IT\",\"@id\":\"https:\/\/annefilsinger.com\/it\/il-vostro-fotografo-per-cani\/#primaryimage\",\"url\":\"https:\/\/annefilsinger.com\/wp-content\/uploads\/IMG_6419_1148x57472_tiny.jpg\",\"contentUrl\":\"https:\/\/annefilsinger.com\/wp-content\/uploads\/IMG_6419_1148x57472_tiny.jpg\",\"width\":1148,\"height\":574},{\"@type\":\"BreadcrumbList\",\"@id\":\"https:\/\/annefilsinger.com\/it\/il-vostro-fotografo-per-cani\/#breadcrumb\",\"itemListElement\":[{\"@type\":\"ListItem\",\"position\":1,\"name\":\"Startseite\",\"item\":\"https:\/\/annefilsinger.com\/it\/\"},{\"@type\":\"ListItem\",\"position\":2,\"name\":\"Tua fotografa per cani\"}]},{\"@type\":\"WebSite\",\"@id\":\"https:\/\/annefilsinger.com\/it\/#website\",\"url\":\"https:\/\/annefilsinger.com\/it\/\",\"name\":\"Anne Filsinger Photography\",\"description\":\"Pet Photographer\",\"potentialAction\":[{\"@type\":\"SearchAction\",\"target\":{\"@type\":\"EntryPoint\",\"urlTemplate\":\"https:\/\/annefilsinger.com\/it\/?s={search_term_string}\"},\"query-input\":{\"@type\":\"PropertyValueSpecification\",\"valueRequired\":true,\"valueName\":\"search_term_string\"}}],\"inLanguage\":\"it-IT\"}]}<\/script>\n<!-- \/ Yoast SEO plugin. -->","yoast_head_json":{"title":"Tua fotografa per cani - Anne Filsinger Photography","description":"Catturo anche momenti di vita quotidiana. Rituali. L'unione. Il tempo trascorso insieme finisce troppo in fretta. E le foto mantengono vivi i ricordi.","robots":{"index":"index","follow":"follow","max-snippet":"max-snippet:-1","max-image-preview":"max-image-preview:large","max-video-preview":"max-video-preview:-1"},"canonical":"https:\/\/annefilsinger.com\/it\/il-vostro-fotografo-per-cani\/","og_locale":"it_IT","og_type":"article","og_title":"Tua fotografa per cani - Anne Filsinger Photography","og_description":"Catturo anche momenti di vita quotidiana. Rituali. L'unione. Il tempo trascorso insieme finisce troppo in fretta. E le foto mantengono vivi i ricordi.","og_url":"https:\/\/annefilsinger.com\/it\/il-vostro-fotografo-per-cani\/","og_site_name":"Anne Filsinger Photography","article_modified_time":"2024-03-23T21:16:41+00:00","og_image":[{"width":1148,"height":574,"url":"https:\/\/annefilsinger.com\/wp-content\/uploads\/IMG_6419_1148x57472_tiny.jpg","type":"image\/jpeg"}],"twitter_card":"summary_large_image","twitter_misc":{"Tempo di lettura stimato":"4 minuti"},"schema":{"@context":"https:\/\/schema.org","@graph":[{"@type":"WebPage","@id":"https:\/\/annefilsinger.com\/it\/il-vostro-fotografo-per-cani\/","url":"https:\/\/annefilsinger.com\/it\/il-vostro-fotografo-per-cani\/","name":"Tua fotografa per cani - Anne Filsinger Photography","isPartOf":{"@id":"https:\/\/annefilsinger.com\/it\/#website"},"primaryImageOfPage":{"@id":"https:\/\/annefilsinger.com\/it\/il-vostro-fotografo-per-cani\/#primaryimage"},"image":{"@id":"https:\/\/annefilsinger.com\/it\/il-vostro-fotografo-per-cani\/#primaryimage"},"thumbnailUrl":"https:\/\/annefilsinger.com\/wp-content\/uploads\/IMG_6419_1148x57472_tiny.jpg","datePublished":"2024-02-07T17:49:50+00:00","dateModified":"2024-03-23T21:16:41+00:00","description":"Catturo anche momenti di vita quotidiana. Rituali. L'unione. Il tempo trascorso insieme finisce troppo in fretta. E le foto mantengono vivi i ricordi.","breadcrumb":{"@id":"https:\/\/annefilsinger.com\/it\/il-vostro-fotografo-per-cani\/#breadcrumb"},"inLanguage":"it-IT","potentialAction":[{"@type":"ReadAction","target":["https:\/\/annefilsinger.com\/it\/il-vostro-fotografo-per-cani\/"]}]},{"@type":"ImageObject","inLanguage":"it-IT","@id":"https:\/\/annefilsinger.com\/it\/il-vostro-fotografo-per-cani\/#primaryimage","url":"https:\/\/annefilsinger.com\/wp-content\/uploads\/IMG_6419_1148x57472_tiny.jpg","contentUrl":"https:\/\/annefilsinger.com\/wp-content\/uploads\/IMG_6419_1148x57472_tiny.jpg","width":1148,"height":574},{"@type":"BreadcrumbList","@id":"https:\/\/annefilsinger.com\/it\/il-vostro-fotografo-per-cani\/#breadcrumb","itemListElement":[{"@type":"ListItem","position":1,"name":"Startseite","item":"https:\/\/annefilsinger.com\/it\/"},{"@type":"ListItem","position":2,"name":"Tua fotografa per cani"}]},{"@type":"WebSite","@id":"https:\/\/annefilsinger.com\/it\/#website","url":"https:\/\/annefilsinger.com\/it\/","name":"Anne Filsinger Photography","description":"Pet Photographer","potentialAction":[{"@type":"SearchAction","target":{"@type":"EntryPoint","urlTemplate":"https:\/\/annefilsinger.com\/it\/?s={search_term_string}"},"query-input":{"@type":"PropertyValueSpecification","valueRequired":true,"valueName":"search_term_string"}}],"inLanguage":"it-IT"}]}},"_links":{"self":[{"href":"https:\/\/annefilsinger.com\/it\/wp-json\/wp\/v2\/pages\/31691","targetHints":{"allow":["GET"]}}],"collection":[{"href":"https:\/\/annefilsinger.com\/it\/wp-json\/wp\/v2\/pages"}],"about":[{"href":"https:\/\/annefilsinger.com\/it\/wp-json\/wp\/v2\/types\/page"}],"author":[{"embeddable":true,"href":"https:\/\/annefilsinger.com\/it\/wp-json\/wp\/v2\/users\/2"}],"replies":[{"embeddable":true,"href":"https:\/\/annefilsinger.com\/it\/wp-json\/wp\/v2\/comments?post=31691"}],"version-history":[{"count":16,"href":"https:\/\/annefilsinger.com\/it\/wp-json\/wp\/v2\/pages\/31691\/revisions"}],"predecessor-version":[{"id":31800,"href":"https:\/\/annefilsinger.com\/it\/wp-json\/wp\/v2\/pages\/31691\/revisions\/31800"}],"wp:featuredmedia":[{"embeddable":true,"href":"https:\/\/annefilsinger.com\/it\/wp-json\/wp\/v2\/media\/31683"}],"wp:attachment":[{"href":"https:\/\/annefilsinger.com\/it\/wp-json\/wp\/v2\/media?parent=31691"}],"curies":[{"name":"wp","href":"https:\/\/api.w.org\/{rel}","templated":true}]}}